{"id":4016,"date":"2022-01-24T15:29:55","date_gmt":"2022-01-24T14:29:55","guid":{"rendered":"https:\/\/www.polplastic.it\/?page_id=4016"},"modified":"2022-11-03T12:02:04","modified_gmt":"2022-11-03T11:02:04","slug":"__trashed","status":"publish","type":"page","link":"https:\/\/www.polplastic.it\/de\/dienstleistungen\/__trashed\/","title":{"rendered":"Zusammenbau und Montage"},"content":{"rendered":"<p>Wir bieten umfassende Fertigungs- und Spritzguss-Dienstleistungen zusammen mit <strong>Montage aller Produktkomponenten. <\/strong>F\u00fcr komplexere Produkte bieten wir einen Montageservice und die Lieferung des gebrauchsfertigen Endprodukts an. Unsere Prozesse sind darauf ausgerichtet, die Lieferzeiten zu verk\u00fcrzen und die Kette von der Produktion bis zur Auslieferung zu optimieren, ohne dabei an die Qualit\u00e4t und Effizienz einzub\u00fc\u00dfen.<\/p>\n<p>&nbsp;<\/p>\n","protected":false},"excerpt":{"rendered":"<p>Wir bieten umfassende Fertigungs- und Spritzguss-Dienstleistungen zusammen mit Montage aller Produktkomponenten. F\u00fcr komplexere Produkte bieten wir einen Montageservice und die Lieferung des gebrauchsfertigen Endprodukts an. Unsere Prozesse sind darauf ausgerichtet, die Lieferzeiten zu verk\u00fcrzen und die Kette von der Produktion bis zur Auslieferung zu optimieren, ohne dabei an die Qualit\u00e4t und Effizienz einzub\u00fc\u00dfen. &nbsp;<\/p>\n","protected":false},"author":1,"featured_media":0,"parent":4129,"menu_order":0,"comment_status":"closed","ping_status":"closed","template":"finiture.php","meta":{"inline_featured_image":false,"footnotes":""},"yst_prominent_words":[],"acf":[],"_links":{"self":[{"href":"https:\/\/www.polplastic.it\/de\/wp-json\/wp\/v2\/pages\/4016"}],"collection":[{"href":"https:\/\/www.polplastic.it\/de\/wp-json\/wp\/v2\/pages"}],"about":[{"href":"https:\/\/www.polplastic.it\/de\/wp-json\/wp\/v2\/types\/page"}],"author":[{"embeddable":true,"href":"https:\/\/www.polplastic.it\/de\/wp-json\/wp\/v2\/users\/1"}],"replies":[{"embeddable":true,"href":"https:\/\/www.polplastic.it\/de\/wp-json\/wp\/v2\/comments?post=4016"}],"version-history":[{"count":3,"href":"https:\/\/www.polplastic.it\/de\/wp-json\/wp\/v2\/pages\/4016\/revisions"}],"predecessor-version":[{"id":4115,"href":"https:\/\/www.polplastic.it\/de\/wp-json\/wp\/v2\/pages\/4016\/revisions\/4115"}],"up":[{"embeddable":true,"href":"https:\/\/www.polplastic.it\/de\/wp-json\/wp\/v2\/pages\/4129"}],"wp:attachment":[{"href":"https:\/\/www.polplastic.it\/de\/wp-json\/wp\/v2\/media?parent=4016"}],"wp:term":[{"taxonomy":"yst_prominent_words","embeddable":true,"href":"https:\/\/www.polplastic.it\/de\/wp-json\/wp\/v2\/yst_prominent_words?post=4016"}],"curies":[{"name":"wp","href":"https:\/\/api.w.org\/{rel}","templated":true}]}}