{"id":4092,"date":"2022-01-19T16:35:00","date_gmt":"2022-01-19T15:35:00","guid":{"rendered":"https:\/\/www.polplastic.it\/?page_id=4092"},"modified":"2022-11-03T11:45:55","modified_gmt":"2022-11-03T10:45:55","slug":"automobilindustrie","status":"publish","type":"page","link":"https:\/\/www.polplastic.it\/de\/branchen\/automobilindustrie\/","title":{"rendered":"Automobilindustrie"},"content":{"rendered":"<p><strong>Die Herstellung von Spritzgussformen f\u00fcr die Automobilindustrie <\/strong>ist definitiv unser Kerngesch\u00e4ft. Seit jeher sind wir eng mit der Automobilbranche verbunden: wir <strong>fertigen Formen f\u00fcr die Produktion von Bauteilen f\u00fcr die gr\u00f6\u00dften <\/strong>italienischen und ausl\u00e4ndischen <strong>Automobilhersteller <\/strong>sowie entwerfen und produzieren extrudierte und dekorierte Kunststoffteile und Zubeh\u00f6r wie Kraftstofftanks, Helme und Verkleidungen f\u00fcr renommierte Motorradhersteller. Neben dekorativen Teilen stellen wir auch technische Artikel her, wie Hebel, Filter, Zubeh\u00f6r f\u00fcr Stromversorgungssysteme, Tankabdeckungssysteme und T\u00fcrplatten.<\/p>\n","protected":false},"excerpt":{"rendered":"<p>Die Herstellung von Spritzgussformen f\u00fcr die Automobilindustrie ist definitiv unser Kerngesch\u00e4ft. Seit jeher sind wir eng mit der Automobilbranche verbunden: wir fertigen Formen f\u00fcr die Produktion von Bauteilen f\u00fcr die gr\u00f6\u00dften italienischen und ausl\u00e4ndischen Automobilhersteller sowie entwerfen und produzieren extrudierte und dekorierte Kunststoffteile und Zubeh\u00f6r wie Kraftstofftanks, Helme und Verkleidungen f\u00fcr renommierte Motorradhersteller. Neben dekorativen [&hellip;]<\/p>\n","protected":false},"author":1,"featured_media":0,"parent":4089,"menu_order":0,"comment_status":"closed","ping_status":"closed","template":"page-automotive.php","meta":{"inline_featured_image":false,"footnotes":""},"yst_prominent_words":[],"acf":[],"_links":{"self":[{"href":"https:\/\/www.polplastic.it\/de\/wp-json\/wp\/v2\/pages\/4092"}],"collection":[{"href":"https:\/\/www.polplastic.it\/de\/wp-json\/wp\/v2\/pages"}],"about":[{"href":"https:\/\/www.polplastic.it\/de\/wp-json\/wp\/v2\/types\/page"}],"author":[{"embeddable":true,"href":"https:\/\/www.polplastic.it\/de\/wp-json\/wp\/v2\/users\/1"}],"replies":[{"embeddable":true,"href":"https:\/\/www.polplastic.it\/de\/wp-json\/wp\/v2\/comments?post=4092"}],"version-history":[{"count":1,"href":"https:\/\/www.polplastic.it\/de\/wp-json\/wp\/v2\/pages\/4092\/revisions"}],"predecessor-version":[{"id":4093,"href":"https:\/\/www.polplastic.it\/de\/wp-json\/wp\/v2\/pages\/4092\/revisions\/4093"}],"up":[{"embeddable":true,"href":"https:\/\/www.polplastic.it\/de\/wp-json\/wp\/v2\/pages\/4089"}],"wp:attachment":[{"href":"https:\/\/www.polplastic.it\/de\/wp-json\/wp\/v2\/media?parent=4092"}],"wp:term":[{"taxonomy":"yst_prominent_words","embeddable":true,"href":"https:\/\/www.polplastic.it\/de\/wp-json\/wp\/v2\/yst_prominent_words?post=4092"}],"curies":[{"name":"wp","href":"https:\/\/api.w.org\/{rel}","templated":true}]}}