{"id":4094,"date":"2022-01-25T12:09:41","date_gmt":"2022-01-25T11:09:41","guid":{"rendered":"https:\/\/www.polplastic.it\/?page_id=4094"},"modified":"2022-11-03T11:48:00","modified_gmt":"2022-11-03T10:48:00","slug":"lebensmittel","status":"publish","type":"page","link":"https:\/\/www.polplastic.it\/de\/branchen\/lebensmittel\/","title":{"rendered":"Lebensmittel"},"content":{"rendered":"<p><strong>Wir fertigen und produzieren Au\u00dfenk\u00f6rper und Mechanismen f\u00fcr die <\/strong>Lebensmittel- und Verkaufsautomatenindustrie. Wir stellen Kunststoffteile f\u00fcr Kaffeemaschinen, Automaten und Registrierkassen her.<\/p>\n","protected":false},"excerpt":{"rendered":"<p>Wir fertigen und produzieren Au\u00dfenk\u00f6rper und Mechanismen f\u00fcr die Lebensmittel- und Verkaufsautomatenindustrie. Wir stellen Kunststoffteile f\u00fcr Kaffeemaschinen, Automaten und Registrierkassen her.<\/p>\n","protected":false},"author":1,"featured_media":0,"parent":4089,"menu_order":0,"comment_status":"closed","ping_status":"closed","template":"page-automotive.php","meta":{"inline_featured_image":false,"footnotes":""},"yst_prominent_words":[],"acf":[],"_links":{"self":[{"href":"https:\/\/www.polplastic.it\/de\/wp-json\/wp\/v2\/pages\/4094"}],"collection":[{"href":"https:\/\/www.polplastic.it\/de\/wp-json\/wp\/v2\/pages"}],"about":[{"href":"https:\/\/www.polplastic.it\/de\/wp-json\/wp\/v2\/types\/page"}],"author":[{"embeddable":true,"href":"https:\/\/www.polplastic.it\/de\/wp-json\/wp\/v2\/users\/1"}],"replies":[{"embeddable":true,"href":"https:\/\/www.polplastic.it\/de\/wp-json\/wp\/v2\/comments?post=4094"}],"version-history":[{"count":1,"href":"https:\/\/www.polplastic.it\/de\/wp-json\/wp\/v2\/pages\/4094\/revisions"}],"predecessor-version":[{"id":4095,"href":"https:\/\/www.polplastic.it\/de\/wp-json\/wp\/v2\/pages\/4094\/revisions\/4095"}],"up":[{"embeddable":true,"href":"https:\/\/www.polplastic.it\/de\/wp-json\/wp\/v2\/pages\/4089"}],"wp:attachment":[{"href":"https:\/\/www.polplastic.it\/de\/wp-json\/wp\/v2\/media?parent=4094"}],"wp:term":[{"taxonomy":"yst_prominent_words","embeddable":true,"href":"https:\/\/www.polplastic.it\/de\/wp-json\/wp\/v2\/yst_prominent_words?post=4094"}],"curies":[{"name":"wp","href":"https:\/\/api.w.org\/{rel}","templated":true}]}}