{"id":4096,"date":"2022-01-25T11:25:44","date_gmt":"2022-01-25T10:25:44","guid":{"rendered":"https:\/\/www.polplastic.it\/?page_id=4096"},"modified":"2022-11-03T11:48:41","modified_gmt":"2022-11-03T10:48:41","slug":"medizin","status":"publish","type":"page","link":"https:\/\/www.polplastic.it\/de\/branchen\/medizin\/","title":{"rendered":"Medizin"},"content":{"rendered":"<p>Dank unserer Verfahren und Materialien von h\u00f6chster Qualit\u00e4t entwickeln und produzieren wir eine gro\u00dfe Auswahl an <strong>Kunststoffprodukten und -teilen f\u00fcr die Gesundheitsbranche<\/strong>: Krankenhausausstattung, Rehabilitationsger\u00e4te, Rollstuhlzubeh\u00f6r und medizinische Ger\u00e4te.<\/p>\n","protected":false},"excerpt":{"rendered":"<p>Dank unserer Verfahren und Materialien von h\u00f6chster Qualit\u00e4t entwickeln und produzieren wir eine gro\u00dfe Auswahl an Kunststoffprodukten und -teilen f\u00fcr die Gesundheitsbranche: Krankenhausausstattung, Rehabilitationsger\u00e4te, Rollstuhlzubeh\u00f6r und medizinische Ger\u00e4te.<\/p>\n","protected":false},"author":1,"featured_media":0,"parent":4089,"menu_order":0,"comment_status":"closed","ping_status":"closed","template":"page-automotive.php","meta":{"inline_featured_image":false,"footnotes":""},"yst_prominent_words":[],"acf":[],"_links":{"self":[{"href":"https:\/\/www.polplastic.it\/de\/wp-json\/wp\/v2\/pages\/4096"}],"collection":[{"href":"https:\/\/www.polplastic.it\/de\/wp-json\/wp\/v2\/pages"}],"about":[{"href":"https:\/\/www.polplastic.it\/de\/wp-json\/wp\/v2\/types\/page"}],"author":[{"embeddable":true,"href":"https:\/\/www.polplastic.it\/de\/wp-json\/wp\/v2\/users\/1"}],"replies":[{"embeddable":true,"href":"https:\/\/www.polplastic.it\/de\/wp-json\/wp\/v2\/comments?post=4096"}],"version-history":[{"count":2,"href":"https:\/\/www.polplastic.it\/de\/wp-json\/wp\/v2\/pages\/4096\/revisions"}],"predecessor-version":[{"id":4112,"href":"https:\/\/www.polplastic.it\/de\/wp-json\/wp\/v2\/pages\/4096\/revisions\/4112"}],"up":[{"embeddable":true,"href":"https:\/\/www.polplastic.it\/de\/wp-json\/wp\/v2\/pages\/4089"}],"wp:attachment":[{"href":"https:\/\/www.polplastic.it\/de\/wp-json\/wp\/v2\/media?parent=4096"}],"wp:term":[{"taxonomy":"yst_prominent_words","embeddable":true,"href":"https:\/\/www.polplastic.it\/de\/wp-json\/wp\/v2\/yst_prominent_words?post=4096"}],"curies":[{"name":"wp","href":"https:\/\/api.w.org\/{rel}","templated":true}]}}