{"id":4103,"date":"2022-01-25T11:34:52","date_gmt":"2022-01-25T10:34:52","guid":{"rendered":"https:\/\/www.polplastic.it\/?page_id=4103"},"modified":"2022-11-03T11:46:31","modified_gmt":"2022-11-03T10:46:31","slug":"elektronik","status":"publish","type":"page","link":"https:\/\/www.polplastic.it\/de\/branchen\/elektronik\/","title":{"rendered":"Elektronik"},"content":{"rendered":"<p>Wir nutzen unser Fachwissen f\u00fcr die <strong>Herstellung und Lackierung von Elektronikger\u00e4ten f\u00fcr Haushalt und Unterhaltung, wie <\/strong>Decoder, Mobiltelefone, Staubsauger, Waschmaschinen und andere Elemente der Unterhaltungselektronik sowie der Industrieelektronik, wie Barcode-Scanner und -Leseger\u00e4te, Fernbedienungen, K\u00fchlsysteme, Stromz\u00e4hler, Schalter f\u00fcr den Privat- und Industriegebrauch sowie kapazitive Touchpanels.<\/p>\n","protected":false},"excerpt":{"rendered":"<p>Wir nutzen unser Fachwissen f\u00fcr die Herstellung und Lackierung von Elektronikger\u00e4ten f\u00fcr Haushalt und Unterhaltung, wie Decoder, Mobiltelefone, Staubsauger, Waschmaschinen und andere Elemente der Unterhaltungselektronik sowie der Industrieelektronik, wie Barcode-Scanner und -Leseger\u00e4te, Fernbedienungen, K\u00fchlsysteme, Stromz\u00e4hler, Schalter f\u00fcr den Privat- und Industriegebrauch sowie kapazitive Touchpanels.<\/p>\n","protected":false},"author":1,"featured_media":0,"parent":4089,"menu_order":0,"comment_status":"closed","ping_status":"closed","template":"page-automotive.php","meta":{"inline_featured_image":false,"footnotes":""},"yst_prominent_words":[],"acf":[],"_links":{"self":[{"href":"https:\/\/www.polplastic.it\/de\/wp-json\/wp\/v2\/pages\/4103"}],"collection":[{"href":"https:\/\/www.polplastic.it\/de\/wp-json\/wp\/v2\/pages"}],"about":[{"href":"https:\/\/www.polplastic.it\/de\/wp-json\/wp\/v2\/types\/page"}],"author":[{"embeddable":true,"href":"https:\/\/www.polplastic.it\/de\/wp-json\/wp\/v2\/users\/1"}],"replies":[{"embeddable":true,"href":"https:\/\/www.polplastic.it\/de\/wp-json\/wp\/v2\/comments?post=4103"}],"version-history":[{"count":1,"href":"https:\/\/www.polplastic.it\/de\/wp-json\/wp\/v2\/pages\/4103\/revisions"}],"predecessor-version":[{"id":4104,"href":"https:\/\/www.polplastic.it\/de\/wp-json\/wp\/v2\/pages\/4103\/revisions\/4104"}],"up":[{"embeddable":true,"href":"https:\/\/www.polplastic.it\/de\/wp-json\/wp\/v2\/pages\/4089"}],"wp:attachment":[{"href":"https:\/\/www.polplastic.it\/de\/wp-json\/wp\/v2\/media?parent=4103"}],"wp:term":[{"taxonomy":"yst_prominent_words","embeddable":true,"href":"https:\/\/www.polplastic.it\/de\/wp-json\/wp\/v2\/yst_prominent_words?post=4103"}],"curies":[{"name":"wp","href":"https:\/\/api.w.org\/{rel}","templated":true}]}}