{"id":4105,"date":"2022-01-25T11:39:24","date_gmt":"2022-01-25T10:39:24","guid":{"rendered":"https:\/\/www.polplastic.it\/?page_id=4105"},"modified":"2022-11-03T11:47:06","modified_gmt":"2022-11-03T10:47:06","slug":"landwirtschaft-und-gartenbau","status":"publish","type":"page","link":"https:\/\/www.polplastic.it\/de\/branchen\/landwirtschaft-und-gartenbau\/","title":{"rendered":"Landwirtschaft und gartenbau"},"content":{"rendered":"<p>Wir haben uns auf die <strong>Herstellung von Gussformen f\u00fcr die Massenproduktion von Gartenbauartikeln <\/strong>und landwirtschaftlichen Ger\u00e4ten spezialisiert. Qualit\u00e4t, Effizienz und nachhaltige Produktion sind die Eigenschaften, die uns auszeichnen und zu einem der besten Unternehmen f\u00fcr die Massenproduktion aus Kunststoffen f\u00fcr andere Unternehmen machen.<\/p>\n","protected":false},"excerpt":{"rendered":"<p>Wir haben uns auf die Herstellung von Gussformen f\u00fcr die Massenproduktion von Gartenbauartikeln und landwirtschaftlichen Ger\u00e4ten spezialisiert. Qualit\u00e4t, Effizienz und nachhaltige Produktion sind die Eigenschaften, die uns auszeichnen und zu einem der besten Unternehmen f\u00fcr die Massenproduktion aus Kunststoffen f\u00fcr andere Unternehmen machen.<\/p>\n","protected":false},"author":1,"featured_media":0,"parent":4089,"menu_order":0,"comment_status":"closed","ping_status":"closed","template":"page-automotive.php","meta":{"inline_featured_image":false,"footnotes":""},"yst_prominent_words":[],"acf":[],"_links":{"self":[{"href":"https:\/\/www.polplastic.it\/de\/wp-json\/wp\/v2\/pages\/4105"}],"collection":[{"href":"https:\/\/www.polplastic.it\/de\/wp-json\/wp\/v2\/pages"}],"about":[{"href":"https:\/\/www.polplastic.it\/de\/wp-json\/wp\/v2\/types\/page"}],"author":[{"embeddable":true,"href":"https:\/\/www.polplastic.it\/de\/wp-json\/wp\/v2\/users\/1"}],"replies":[{"embeddable":true,"href":"https:\/\/www.polplastic.it\/de\/wp-json\/wp\/v2\/comments?post=4105"}],"version-history":[{"count":1,"href":"https:\/\/www.polplastic.it\/de\/wp-json\/wp\/v2\/pages\/4105\/revisions"}],"predecessor-version":[{"id":4106,"href":"https:\/\/www.polplastic.it\/de\/wp-json\/wp\/v2\/pages\/4105\/revisions\/4106"}],"up":[{"embeddable":true,"href":"https:\/\/www.polplastic.it\/de\/wp-json\/wp\/v2\/pages\/4089"}],"wp:attachment":[{"href":"https:\/\/www.polplastic.it\/de\/wp-json\/wp\/v2\/media?parent=4105"}],"wp:term":[{"taxonomy":"yst_prominent_words","embeddable":true,"href":"https:\/\/www.polplastic.it\/de\/wp-json\/wp\/v2\/yst_prominent_words?post=4105"}],"curies":[{"name":"wp","href":"https:\/\/api.w.org\/{rel}","templated":true}]}}