{"id":4111,"date":"2022-01-24T15:43:11","date_gmt":"2022-01-24T14:43:11","guid":{"rendered":"https:\/\/www.polplastic.it\/?page_id=4111"},"modified":"2024-09-16T14:41:38","modified_gmt":"2024-09-16T12:41:38","slug":"zertifikate","status":"publish","type":"page","link":"https:\/\/www.polplastic.it\/de\/zertifikate\/","title":{"rendered":"Zertifikate"},"content":{"rendered":"<p class=\"p1\">Nach der Verifizierung und Best\u00e4tigung, dass das Qualit\u00e4tsmanagementsystem von Polplastic die Anforderungen der Normen erf\u00fcllt, ist das Unternehmen seit langem nach ISO 9002, ISO 9001 und IATF f\u00fcr das Spritzgie\u00dfen und die Lackierung von Technopolymeren f\u00fcr die Industrie und den Automobilsektor zertifiziert.<\/p>\n","protected":false},"excerpt":{"rendered":"<p>Nach der Verifizierung und Best\u00e4tigung, dass das Qualit\u00e4tsmanagementsystem von Polplastic die Anforderungen der Normen erf\u00fcllt, ist das Unternehmen seit langem nach ISO 9002, ISO 9001 und IATF f\u00fcr das Spritzgie\u00dfen und die Lackierung von Technopolymeren f\u00fcr die Industrie und den Automobilsektor zertifiziert.<\/p>\n","protected":false},"author":1,"featured_media":0,"parent":0,"menu_order":0,"comment_status":"closed","ping_status":"closed","template":"page-certificazioni.php","meta":{"inline_featured_image":false,"footnotes":""},"yst_prominent_words":[],"acf":[],"_links":{"self":[{"href":"https:\/\/www.polplastic.it\/de\/wp-json\/wp\/v2\/pages\/4111"}],"collection":[{"href":"https:\/\/www.polplastic.it\/de\/wp-json\/wp\/v2\/pages"}],"about":[{"href":"https:\/\/www.polplastic.it\/de\/wp-json\/wp\/v2\/types\/page"}],"author":[{"embeddable":true,"href":"https:\/\/www.polplastic.it\/de\/wp-json\/wp\/v2\/users\/1"}],"replies":[{"embeddable":true,"href":"https:\/\/www.polplastic.it\/de\/wp-json\/wp\/v2\/comments?post=4111"}],"version-history":[{"count":6,"href":"https:\/\/www.polplastic.it\/de\/wp-json\/wp\/v2\/pages\/4111\/revisions"}],"predecessor-version":[{"id":4414,"href":"https:\/\/www.polplastic.it\/de\/wp-json\/wp\/v2\/pages\/4111\/revisions\/4414"}],"wp:attachment":[{"href":"https:\/\/www.polplastic.it\/de\/wp-json\/wp\/v2\/media?parent=4111"}],"wp:term":[{"taxonomy":"yst_prominent_words","embeddable":true,"href":"https:\/\/www.polplastic.it\/de\/wp-json\/wp\/v2\/yst_prominent_words?post=4111"}],"curies":[{"name":"wp","href":"https:\/\/api.w.org\/{rel}","templated":true}]}}