{"id":4116,"date":"2022-01-19T12:42:12","date_gmt":"2022-01-19T11:42:12","guid":{"rendered":"https:\/\/www.polplastic.it\/?page_id=4116"},"modified":"2022-11-03T12:00:19","modified_gmt":"2022-11-03T11:00:19","slug":"spezialbearbeitung","status":"publish","type":"page","link":"https:\/\/www.polplastic.it\/de\/dienstleistungen\/spezialbearbeitung\/","title":{"rendered":"Spezialbearbeitung"},"content":{"rendered":"<p>Wir bieten <strong>hochwertige Veredelungen <\/strong>an, die jedes Produkt nach dem Gie\u00dfprozess optisch perfekt machen. Wir stellen Ihnen unser Wissen und unsere F\u00e4higkeiten zur Verf\u00fcgung, um alle Ihre Erwartungen zu erf\u00fcllen, indem wir die fortschrittlichsten Veredelungstechniken anwenden: In-Mould-Dekoration, Thermodruck, Tampondruck, Anbringen von Aufklebern und Abziehbildern.<\/p>\n","protected":false},"excerpt":{"rendered":"<p>Wir bieten hochwertige Veredelungen an, die jedes Produkt nach dem Gie\u00dfprozess optisch perfekt machen. Wir stellen Ihnen unser Wissen und unsere F\u00e4higkeiten zur Verf\u00fcgung, um alle Ihre Erwartungen zu erf\u00fcllen, indem wir die fortschrittlichsten Veredelungstechniken anwenden: In-Mould-Dekoration, Thermodruck, Tampondruck, Anbringen von Aufklebern und Abziehbildern.<\/p>\n","protected":false},"author":1,"featured_media":0,"parent":4129,"menu_order":0,"comment_status":"closed","ping_status":"closed","template":"finiture.php","meta":{"inline_featured_image":false,"footnotes":""},"yst_prominent_words":[],"acf":[],"_links":{"self":[{"href":"https:\/\/www.polplastic.it\/de\/wp-json\/wp\/v2\/pages\/4116"}],"collection":[{"href":"https:\/\/www.polplastic.it\/de\/wp-json\/wp\/v2\/pages"}],"about":[{"href":"https:\/\/www.polplastic.it\/de\/wp-json\/wp\/v2\/types\/page"}],"author":[{"embeddable":true,"href":"https:\/\/www.polplastic.it\/de\/wp-json\/wp\/v2\/users\/1"}],"replies":[{"embeddable":true,"href":"https:\/\/www.polplastic.it\/de\/wp-json\/wp\/v2\/comments?post=4116"}],"version-history":[{"count":1,"href":"https:\/\/www.polplastic.it\/de\/wp-json\/wp\/v2\/pages\/4116\/revisions"}],"predecessor-version":[{"id":4120,"href":"https:\/\/www.polplastic.it\/de\/wp-json\/wp\/v2\/pages\/4116\/revisions\/4120"}],"up":[{"embeddable":true,"href":"https:\/\/www.polplastic.it\/de\/wp-json\/wp\/v2\/pages\/4129"}],"wp:attachment":[{"href":"https:\/\/www.polplastic.it\/de\/wp-json\/wp\/v2\/media?parent=4116"}],"wp:term":[{"taxonomy":"yst_prominent_words","embeddable":true,"href":"https:\/\/www.polplastic.it\/de\/wp-json\/wp\/v2\/yst_prominent_words?post=4116"}],"curies":[{"name":"wp","href":"https:\/\/api.w.org\/{rel}","templated":true}]}}