{"id":4121,"date":"2022-01-24T15:28:41","date_gmt":"2022-01-24T14:28:41","guid":{"rendered":"https:\/\/www.polplastic.it\/?page_id=4121"},"modified":"2022-11-03T11:59:07","modified_gmt":"2022-11-03T10:59:07","slug":"lackieren","status":"publish","type":"page","link":"https:\/\/www.polplastic.it\/de\/dienstleistungen\/lackieren\/","title":{"rendered":"Lackieren"},"content":{"rendered":"<p><strong>Die Lackierung von Kunststoffen <\/strong>ist ebenfalls eine der Hauptgesch\u00e4ftst\u00e4tigkeiten von Polplastic. Wir verwenden vollautomatische Lackieranlagen, die f\u00fcr verschiedene Lackiertechniken geeignet sind: mit Wasser- und L\u00f6semittellacke. Wir garantieren <strong>minimalen Lackverbrauch, reduzierte VOC-Emissionen und die h\u00f6chste Qualit\u00e4t jedes lackierten Bauteils. <\/strong>All dies ist m\u00f6glich dank Maschinen mit anthropomorphen Sechs-Achsen-Robotern und automatischen Systemen f\u00fcr die Steuerung von Prozessparametern. Die Systeme werden bei jeder \u00c4nderung der Umweltparameter und Wetterbedingungen aktiviert.<\/p>\n","protected":false},"excerpt":{"rendered":"<p>Die Lackierung von Kunststoffen ist ebenfalls eine der Hauptgesch\u00e4ftst\u00e4tigkeiten von Polplastic. Wir verwenden vollautomatische Lackieranlagen, die f\u00fcr verschiedene Lackiertechniken geeignet sind: mit Wasser- und L\u00f6semittellacke. Wir garantieren minimalen Lackverbrauch, reduzierte VOC-Emissionen und die h\u00f6chste Qualit\u00e4t jedes lackierten Bauteils. All dies ist m\u00f6glich dank Maschinen mit anthropomorphen Sechs-Achsen-Robotern und automatischen Systemen f\u00fcr die Steuerung von Prozessparametern. [&hellip;]<\/p>\n","protected":false},"author":1,"featured_media":0,"parent":4129,"menu_order":0,"comment_status":"closed","ping_status":"closed","template":"finiture.php","meta":{"inline_featured_image":false,"footnotes":""},"yst_prominent_words":[],"acf":[],"_links":{"self":[{"href":"https:\/\/www.polplastic.it\/de\/wp-json\/wp\/v2\/pages\/4121"}],"collection":[{"href":"https:\/\/www.polplastic.it\/de\/wp-json\/wp\/v2\/pages"}],"about":[{"href":"https:\/\/www.polplastic.it\/de\/wp-json\/wp\/v2\/types\/page"}],"author":[{"embeddable":true,"href":"https:\/\/www.polplastic.it\/de\/wp-json\/wp\/v2\/users\/1"}],"replies":[{"embeddable":true,"href":"https:\/\/www.polplastic.it\/de\/wp-json\/wp\/v2\/comments?post=4121"}],"version-history":[{"count":1,"href":"https:\/\/www.polplastic.it\/de\/wp-json\/wp\/v2\/pages\/4121\/revisions"}],"predecessor-version":[{"id":4123,"href":"https:\/\/www.polplastic.it\/de\/wp-json\/wp\/v2\/pages\/4121\/revisions\/4123"}],"up":[{"embeddable":true,"href":"https:\/\/www.polplastic.it\/de\/wp-json\/wp\/v2\/pages\/4129"}],"wp:attachment":[{"href":"https:\/\/www.polplastic.it\/de\/wp-json\/wp\/v2\/media?parent=4121"}],"wp:term":[{"taxonomy":"yst_prominent_words","embeddable":true,"href":"https:\/\/www.polplastic.it\/de\/wp-json\/wp\/v2\/yst_prominent_words?post=4121"}],"curies":[{"name":"wp","href":"https:\/\/api.w.org\/{rel}","templated":true}]}}