{"id":4125,"date":"2022-01-24T15:30:31","date_gmt":"2022-01-24T14:30:31","guid":{"rendered":"https:\/\/www.polplastic.it\/?page_id=4125"},"modified":"2022-11-03T11:50:25","modified_gmt":"2022-11-03T10:50:25","slug":"dienstleistungen-und-logistik","status":"publish","type":"page","link":"https:\/\/www.polplastic.it\/de\/dienstleistungen\/dienstleistungen-und-logistik\/","title":{"rendered":"Dienstleistungen und logistik"},"content":{"rendered":"<p>Hochwertige und hochautomatisierte <strong>Logistikdienstleistungen <\/strong>erg\u00e4nzen den Entwurf und die Bearbeitung von Kunststoffen. Der Materialtransport innerhalb des Lagers erfolgt sowohl bei der Kommissionierung als auch bei der Auslieferung \u00fcber ein System <strong>automatischer <\/strong>F\u00f6rderanlagen, die ausschlie\u00dflich per Funk gesteuert werden.<\/p>\n<p>&nbsp;<\/p>\n","protected":false},"excerpt":{"rendered":"<p>Hochwertige und hochautomatisierte Logistikdienstleistungen erg\u00e4nzen den Entwurf und die Bearbeitung von Kunststoffen. Der Materialtransport innerhalb des Lagers erfolgt sowohl bei der Kommissionierung als auch bei der Auslieferung \u00fcber ein System automatischer F\u00f6rderanlagen, die ausschlie\u00dflich per Funk gesteuert werden. &nbsp;<\/p>\n","protected":false},"author":1,"featured_media":0,"parent":4129,"menu_order":0,"comment_status":"closed","ping_status":"closed","template":"finiture.php","meta":{"inline_featured_image":false,"footnotes":""},"yst_prominent_words":[],"acf":[],"_links":{"self":[{"href":"https:\/\/www.polplastic.it\/de\/wp-json\/wp\/v2\/pages\/4125"}],"collection":[{"href":"https:\/\/www.polplastic.it\/de\/wp-json\/wp\/v2\/pages"}],"about":[{"href":"https:\/\/www.polplastic.it\/de\/wp-json\/wp\/v2\/types\/page"}],"author":[{"embeddable":true,"href":"https:\/\/www.polplastic.it\/de\/wp-json\/wp\/v2\/users\/1"}],"replies":[{"embeddable":true,"href":"https:\/\/www.polplastic.it\/de\/wp-json\/wp\/v2\/comments?post=4125"}],"version-history":[{"count":1,"href":"https:\/\/www.polplastic.it\/de\/wp-json\/wp\/v2\/pages\/4125\/revisions"}],"predecessor-version":[{"id":4126,"href":"https:\/\/www.polplastic.it\/de\/wp-json\/wp\/v2\/pages\/4125\/revisions\/4126"}],"up":[{"embeddable":true,"href":"https:\/\/www.polplastic.it\/de\/wp-json\/wp\/v2\/pages\/4129"}],"wp:attachment":[{"href":"https:\/\/www.polplastic.it\/de\/wp-json\/wp\/v2\/media?parent=4125"}],"wp:term":[{"taxonomy":"yst_prominent_words","embeddable":true,"href":"https:\/\/www.polplastic.it\/de\/wp-json\/wp\/v2\/yst_prominent_words?post=4125"}],"curies":[{"name":"wp","href":"https:\/\/api.w.org\/{rel}","templated":true}]}}