{"id":4129,"date":"2022-01-19T10:48:33","date_gmt":"2022-01-19T09:48:33","guid":{"rendered":"https:\/\/www.polplastic.it\/?page_id=4129"},"modified":"2022-11-03T11:49:57","modified_gmt":"2022-11-03T10:49:57","slug":"dienstleistungen","status":"publish","type":"page","link":"https:\/\/www.polplastic.it\/de\/dienstleistungen\/","title":{"rendered":"Dienstleistungen"},"content":{"rendered":"<p>Schnelle, umfassende und hochwertige Dienstleistungen im Bereich der <strong>Herstellung und Formung von Kunstoffen<\/strong>. Auf der Grundlage der Produktforschung bieten wir personalisierte, kundenspezifische L\u00f6sungen f\u00fcr die Herstellung von Gussformen f\u00fcr Kunststoffe von h\u00f6chster Qualit\u00e4t. Zus\u00e4tzlich zu der Verarbeitung bieten wir <strong>Lackier- und Veredelungsleistungen<\/strong>, die uns erm\u00f6glichen, ein optisch einwandfreies Produkt zu erzeugen: Lackierung mit Wasser- oder L\u00f6semittellacken, Tampondruck, In-Mould-Dekoration, Siebdruck.<\/p>\n","protected":false},"excerpt":{"rendered":"<p>Schnelle, umfassende und hochwertige Dienstleistungen im Bereich der Herstellung und Formung von Kunstoffen. Auf der Grundlage der Produktforschung bieten wir personalisierte, kundenspezifische L\u00f6sungen f\u00fcr die Herstellung von Gussformen f\u00fcr Kunststoffe von h\u00f6chster Qualit\u00e4t. Zus\u00e4tzlich zu der Verarbeitung bieten wir Lackier- und Veredelungsleistungen, die uns erm\u00f6glichen, ein optisch einwandfreies Produkt zu erzeugen: Lackierung mit Wasser- oder [&hellip;]<\/p>\n","protected":false},"author":1,"featured_media":0,"parent":0,"menu_order":0,"comment_status":"closed","ping_status":"closed","template":"page-servizi.php","meta":{"inline_featured_image":false,"footnotes":""},"yst_prominent_words":[],"acf":[],"_links":{"self":[{"href":"https:\/\/www.polplastic.it\/de\/wp-json\/wp\/v2\/pages\/4129"}],"collection":[{"href":"https:\/\/www.polplastic.it\/de\/wp-json\/wp\/v2\/pages"}],"about":[{"href":"https:\/\/www.polplastic.it\/de\/wp-json\/wp\/v2\/types\/page"}],"author":[{"embeddable":true,"href":"https:\/\/www.polplastic.it\/de\/wp-json\/wp\/v2\/users\/1"}],"replies":[{"embeddable":true,"href":"https:\/\/www.polplastic.it\/de\/wp-json\/wp\/v2\/comments?post=4129"}],"version-history":[{"count":1,"href":"https:\/\/www.polplastic.it\/de\/wp-json\/wp\/v2\/pages\/4129\/revisions"}],"predecessor-version":[{"id":4131,"href":"https:\/\/www.polplastic.it\/de\/wp-json\/wp\/v2\/pages\/4129\/revisions\/4131"}],"wp:attachment":[{"href":"https:\/\/www.polplastic.it\/de\/wp-json\/wp\/v2\/media?parent=4129"}],"wp:term":[{"taxonomy":"yst_prominent_words","embeddable":true,"href":"https:\/\/www.polplastic.it\/de\/wp-json\/wp\/v2\/yst_prominent_words?post=4129"}],"curies":[{"name":"wp","href":"https:\/\/api.w.org\/{rel}","templated":true}]}}