{"id":4132,"date":"2022-01-24T15:22:34","date_gmt":"2022-01-24T14:22:34","guid":{"rendered":"https:\/\/www.polplastic.it\/?page_id=4132"},"modified":"2022-11-03T11:56:00","modified_gmt":"2022-11-03T10:56:00","slug":"herstellung-von-formen-fuer-kunststoffe","status":"publish","type":"page","link":"https:\/\/www.polplastic.it\/de\/dienstleistungen\/herstellung-von-formen-fuer-kunststoffe\/","title":{"rendered":"Herstellung von formen f\u00fcr kunststoffe"},"content":{"rendered":"<p>Unsere Dienstleistung beginnt mit dem <strong>Entwurf und der Herstellung von personalisierten Gie\u00dfformen f\u00fcr Kunststoffe<\/strong>.<br \/>\nDank unserer Just-in-Time-Philosophie, der Einhaltung von Terminen und der h\u00f6chsten operativen Flexibilit\u00e4t haben wir uns auch im Bereich der <strong>Massenproduktion aus Kunststoffen f\u00fcr Drittparteien <\/strong>eine Marktposition erarbeitet<\/p>\n","protected":false},"excerpt":{"rendered":"<p>Unsere Dienstleistung beginnt mit dem Entwurf und der Herstellung von personalisierten Gie\u00dfformen f\u00fcr Kunststoffe. Dank unserer Just-in-Time-Philosophie, der Einhaltung von Terminen und der h\u00f6chsten operativen Flexibilit\u00e4t haben wir uns auch im Bereich der Massenproduktion aus Kunststoffen f\u00fcr Drittparteien eine Marktposition erarbeitet<\/p>\n","protected":false},"author":1,"featured_media":0,"parent":4129,"menu_order":0,"comment_status":"closed","ping_status":"closed","template":"finiture.php","meta":{"inline_featured_image":false,"footnotes":""},"yst_prominent_words":[],"acf":[],"_links":{"self":[{"href":"https:\/\/www.polplastic.it\/de\/wp-json\/wp\/v2\/pages\/4132"}],"collection":[{"href":"https:\/\/www.polplastic.it\/de\/wp-json\/wp\/v2\/pages"}],"about":[{"href":"https:\/\/www.polplastic.it\/de\/wp-json\/wp\/v2\/types\/page"}],"author":[{"embeddable":true,"href":"https:\/\/www.polplastic.it\/de\/wp-json\/wp\/v2\/users\/1"}],"replies":[{"embeddable":true,"href":"https:\/\/www.polplastic.it\/de\/wp-json\/wp\/v2\/comments?post=4132"}],"version-history":[{"count":1,"href":"https:\/\/www.polplastic.it\/de\/wp-json\/wp\/v2\/pages\/4132\/revisions"}],"predecessor-version":[{"id":4134,"href":"https:\/\/www.polplastic.it\/de\/wp-json\/wp\/v2\/pages\/4132\/revisions\/4134"}],"up":[{"embeddable":true,"href":"https:\/\/www.polplastic.it\/de\/wp-json\/wp\/v2\/pages\/4129"}],"wp:attachment":[{"href":"https:\/\/www.polplastic.it\/de\/wp-json\/wp\/v2\/media?parent=4132"}],"wp:term":[{"taxonomy":"yst_prominent_words","embeddable":true,"href":"https:\/\/www.polplastic.it\/de\/wp-json\/wp\/v2\/yst_prominent_words?post=4132"}],"curies":[{"name":"wp","href":"https:\/\/api.w.org\/{rel}","templated":true}]}}