{"id":4137,"date":"2022-01-24T15:26:49","date_gmt":"2022-01-24T14:26:49","guid":{"rendered":"https:\/\/www.polplastic.it\/?page_id=4137"},"modified":"2022-11-03T11:57:07","modified_gmt":"2022-11-03T10:57:07","slug":"kunststoffspritzguss","status":"publish","type":"page","link":"https:\/\/www.polplastic.it\/de\/dienstleistungen\/kunststoffspritzguss\/","title":{"rendered":"Kunststoffspritzguss"},"content":{"rendered":"<p>Rund 7000m<sup>2<\/sup> Fl\u00e4che sind dem Kunststoffgussgesch\u00e4ft gewidmet. Dank unserem gro\u00dfen Maschinenpark sind wir heute einer der wichtigsten Marktteilnehmer im Bereich der Kunststoffverarbeitung in ganz Venetien und dar\u00fcber hinaus.<br \/>\nModerne Anlagen wie die Negri-Bossi-Pressen und die BMB-Pressen von 70 bis 2.500 Tonnen, die alle mit kartesischen und anthropomorphen Robotern ausgestattet sind, erm\u00f6glichen die schnelle und pr\u00e4zise Herstellung von sehr komplexen Formen.<\/p>\n","protected":false},"excerpt":{"rendered":"<p>Rund 7000m2 Fl\u00e4che sind dem Kunststoffgussgesch\u00e4ft gewidmet. Dank unserem gro\u00dfen Maschinenpark sind wir heute einer der wichtigsten Marktteilnehmer im Bereich der Kunststoffverarbeitung in ganz Venetien und dar\u00fcber hinaus. Moderne Anlagen wie die Negri-Bossi-Pressen und die BMB-Pressen von 70 bis 2.500 Tonnen, die alle mit kartesischen und anthropomorphen Robotern ausgestattet sind, erm\u00f6glichen die schnelle und pr\u00e4zise [&hellip;]<\/p>\n","protected":false},"author":1,"featured_media":0,"parent":4129,"menu_order":0,"comment_status":"closed","ping_status":"closed","template":"finiture.php","meta":{"inline_featured_image":false,"footnotes":""},"yst_prominent_words":[],"acf":[],"_links":{"self":[{"href":"https:\/\/www.polplastic.it\/de\/wp-json\/wp\/v2\/pages\/4137"}],"collection":[{"href":"https:\/\/www.polplastic.it\/de\/wp-json\/wp\/v2\/pages"}],"about":[{"href":"https:\/\/www.polplastic.it\/de\/wp-json\/wp\/v2\/types\/page"}],"author":[{"embeddable":true,"href":"https:\/\/www.polplastic.it\/de\/wp-json\/wp\/v2\/users\/1"}],"replies":[{"embeddable":true,"href":"https:\/\/www.polplastic.it\/de\/wp-json\/wp\/v2\/comments?post=4137"}],"version-history":[{"count":4,"href":"https:\/\/www.polplastic.it\/de\/wp-json\/wp\/v2\/pages\/4137\/revisions"}],"predecessor-version":[{"id":4141,"href":"https:\/\/www.polplastic.it\/de\/wp-json\/wp\/v2\/pages\/4137\/revisions\/4141"}],"up":[{"embeddable":true,"href":"https:\/\/www.polplastic.it\/de\/wp-json\/wp\/v2\/pages\/4129"}],"wp:attachment":[{"href":"https:\/\/www.polplastic.it\/de\/wp-json\/wp\/v2\/media?parent=4137"}],"wp:term":[{"taxonomy":"yst_prominent_words","embeddable":true,"href":"https:\/\/www.polplastic.it\/de\/wp-json\/wp\/v2\/yst_prominent_words?post=4137"}],"curies":[{"name":"wp","href":"https:\/\/api.w.org\/{rel}","templated":true}]}}