{"id":3993,"date":"2022-01-19T10:48:33","date_gmt":"2022-01-19T09:48:33","guid":{"rendered":"https:\/\/www.polplastic.it\/?page_id=3993"},"modified":"2022-11-02T17:00:56","modified_gmt":"2022-11-02T16:00:56","slug":"services","status":"publish","type":"page","link":"https:\/\/www.polplastic.it\/fr\/services\/","title":{"rendered":"Services"},"content":{"rendered":"<p>Services rapides, complets et de haute qualit\u00e9 en mati\u00e8re de la <strong>fabrication et du moulage plastique<\/strong>. Ayant \u00e9tudi\u00e9 chaque produit, nous fournissons aux clients des solutions de moulage par injection plastique personalis\u00e9es et adapt\u00e9es \u00e0 leurs besoins. Nos activit\u00e9s de traitement sont accompagn\u00e9s de services de peinture, de <strong>vernissage<\/strong> et de <strong>finition<\/strong> qui rendent tous les produits finis impeccables du point de vue esth\u00e9tique, \u00e0 savoir rev\u00eatement de vernis comprenant de solvants, peinture \u00e0 l\u2019eau, impression \u00e0 tampon, d\u00e9coration dans le moule (in-mould), s\u00e9rigraphie.<\/p>\n","protected":false},"excerpt":{"rendered":"<p>Services rapides, complets et de haute qualit\u00e9 en mati\u00e8re de la fabrication et du moulage plastique. Ayant \u00e9tudi\u00e9 chaque produit, nous fournissons aux clients des solutions de moulage par injection plastique personalis\u00e9es et adapt\u00e9es \u00e0 leurs besoins. Nos activit\u00e9s de traitement sont accompagn\u00e9s de services de peinture, de vernissage et de finition qui rendent tous [&hellip;]<\/p>\n","protected":false},"author":1,"featured_media":0,"parent":0,"menu_order":0,"comment_status":"closed","ping_status":"closed","template":"page-servizi.php","meta":{"inline_featured_image":false,"footnotes":""},"yst_prominent_words":[],"acf":[],"_links":{"self":[{"href":"https:\/\/www.polplastic.it\/fr\/wp-json\/wp\/v2\/pages\/3993"}],"collection":[{"href":"https:\/\/www.polplastic.it\/fr\/wp-json\/wp\/v2\/pages"}],"about":[{"href":"https:\/\/www.polplastic.it\/fr\/wp-json\/wp\/v2\/types\/page"}],"author":[{"embeddable":true,"href":"https:\/\/www.polplastic.it\/fr\/wp-json\/wp\/v2\/users\/1"}],"replies":[{"embeddable":true,"href":"https:\/\/www.polplastic.it\/fr\/wp-json\/wp\/v2\/comments?post=3993"}],"version-history":[{"count":1,"href":"https:\/\/www.polplastic.it\/fr\/wp-json\/wp\/v2\/pages\/3993\/revisions"}],"predecessor-version":[{"id":3994,"href":"https:\/\/www.polplastic.it\/fr\/wp-json\/wp\/v2\/pages\/3993\/revisions\/3994"}],"wp:attachment":[{"href":"https:\/\/www.polplastic.it\/fr\/wp-json\/wp\/v2\/media?parent=3993"}],"wp:term":[{"taxonomy":"yst_prominent_words","embeddable":true,"href":"https:\/\/www.polplastic.it\/fr\/wp-json\/wp\/v2\/yst_prominent_words?post=3993"}],"curies":[{"name":"wp","href":"https:\/\/api.w.org\/{rel}","templated":true}]}}