{"id":3995,"date":"2022-01-24T15:26:49","date_gmt":"2022-01-24T14:26:49","guid":{"rendered":"https:\/\/www.polplastic.it\/?page_id=3995"},"modified":"2022-11-02T17:21:07","modified_gmt":"2022-11-02T16:21:07","slug":"moulage-du-plastique","status":"publish","type":"page","link":"https:\/\/www.polplastic.it\/fr\/services\/moulage-du-plastique\/","title":{"rendered":"Moulage du plastique"},"content":{"rendered":"<p>Environ 7000m2 de nos surfaces sont destin\u00e9s au <strong>moulage de plastiques<\/strong>. D\u00e9tenant un grand parc de machines, nous sommes aujourd\u2019hui un des acteurs les plus influents du secteur de moulage de plastiques tant dans la r\u00e9gion de V\u00e9n\u00e9tie qu\u2019en dehors d\u2019elle.<\/p>\n<p>Les \u00e9quipements ultramodernes tels que la presse Negri Bossi et BMB de 70 \u00e0 2500 tonnes, tous munis de robots anthropomorphiques et cart\u00e9siens, permettant de mettre en oeuvre des moules les plus complexes d\u2019une fa\u00e7on rapide et pr\u00e9cise.<\/p>\n","protected":false},"excerpt":{"rendered":"<p>Environ 7000m2 de nos surfaces sont destin\u00e9s au moulage de plastiques. D\u00e9tenant un grand parc de machines, nous sommes aujourd\u2019hui un des acteurs les plus influents du secteur de moulage de plastiques tant dans la r\u00e9gion de V\u00e9n\u00e9tie qu\u2019en dehors d\u2019elle. Les \u00e9quipements ultramodernes tels que la presse Negri Bossi et BMB de 70 \u00e0 [&hellip;]<\/p>\n","protected":false},"author":1,"featured_media":0,"parent":3993,"menu_order":0,"comment_status":"closed","ping_status":"closed","template":"finiture.php","meta":{"inline_featured_image":false,"footnotes":""},"yst_prominent_words":[],"acf":[],"_links":{"self":[{"href":"https:\/\/www.polplastic.it\/fr\/wp-json\/wp\/v2\/pages\/3995"}],"collection":[{"href":"https:\/\/www.polplastic.it\/fr\/wp-json\/wp\/v2\/pages"}],"about":[{"href":"https:\/\/www.polplastic.it\/fr\/wp-json\/wp\/v2\/types\/page"}],"author":[{"embeddable":true,"href":"https:\/\/www.polplastic.it\/fr\/wp-json\/wp\/v2\/users\/1"}],"replies":[{"embeddable":true,"href":"https:\/\/www.polplastic.it\/fr\/wp-json\/wp\/v2\/comments?post=3995"}],"version-history":[{"count":2,"href":"https:\/\/www.polplastic.it\/fr\/wp-json\/wp\/v2\/pages\/3995\/revisions"}],"predecessor-version":[{"id":3997,"href":"https:\/\/www.polplastic.it\/fr\/wp-json\/wp\/v2\/pages\/3995\/revisions\/3997"}],"up":[{"embeddable":true,"href":"https:\/\/www.polplastic.it\/fr\/wp-json\/wp\/v2\/pages\/3993"}],"wp:attachment":[{"href":"https:\/\/www.polplastic.it\/fr\/wp-json\/wp\/v2\/media?parent=3995"}],"wp:term":[{"taxonomy":"yst_prominent_words","embeddable":true,"href":"https:\/\/www.polplastic.it\/fr\/wp-json\/wp\/v2\/yst_prominent_words?post=3995"}],"curies":[{"name":"wp","href":"https:\/\/api.w.org\/{rel}","templated":true}]}}