{"id":3998,"date":"2022-01-24T15:22:34","date_gmt":"2022-01-24T14:22:34","guid":{"rendered":"https:\/\/www.polplastic.it\/?page_id=3998"},"modified":"2022-11-02T17:18:42","modified_gmt":"2022-11-02T16:18:42","slug":"fabrication-des-moules-pour-les-matieres-plastiques","status":"publish","type":"page","link":"https:\/\/www.polplastic.it\/fr\/services\/fabrication-des-moules-pour-les-matieres-plastiques\/","title":{"rendered":"Fabrication des moules pour les mati\u00e8res plastiques"},"content":{"rendered":"<p>Notre service commence par la <strong>conception et fabrication de moules <\/strong>personnalis\u00e9s<strong> pour les mati\u00e8res plastiques<\/strong>.<br \/>\nNotre philosophie <em>just in time<\/em>, la ponctualit\u00e9 et la flexibilit\u00e9 op\u00e9rationnelle nous ont permis de renforcer notre position en domaine de <strong>production plastique en s\u00e9rie pour le compte de tiers.<\/strong><\/p>\n<p>&nbsp;<\/p>\n","protected":false},"excerpt":{"rendered":"<p>Notre service commence par la conception et fabrication de moules personnalis\u00e9s pour les mati\u00e8res plastiques. Notre philosophie just in time, la ponctualit\u00e9 et la flexibilit\u00e9 op\u00e9rationnelle nous ont permis de renforcer notre position en domaine de production plastique en s\u00e9rie pour le compte de tiers. &nbsp;<\/p>\n","protected":false},"author":1,"featured_media":0,"parent":3993,"menu_order":0,"comment_status":"closed","ping_status":"closed","template":"finiture.php","meta":{"inline_featured_image":false,"footnotes":""},"yst_prominent_words":[],"acf":[],"_links":{"self":[{"href":"https:\/\/www.polplastic.it\/fr\/wp-json\/wp\/v2\/pages\/3998"}],"collection":[{"href":"https:\/\/www.polplastic.it\/fr\/wp-json\/wp\/v2\/pages"}],"about":[{"href":"https:\/\/www.polplastic.it\/fr\/wp-json\/wp\/v2\/types\/page"}],"author":[{"embeddable":true,"href":"https:\/\/www.polplastic.it\/fr\/wp-json\/wp\/v2\/users\/1"}],"replies":[{"embeddable":true,"href":"https:\/\/www.polplastic.it\/fr\/wp-json\/wp\/v2\/comments?post=3998"}],"version-history":[{"count":1,"href":"https:\/\/www.polplastic.it\/fr\/wp-json\/wp\/v2\/pages\/3998\/revisions"}],"predecessor-version":[{"id":3999,"href":"https:\/\/www.polplastic.it\/fr\/wp-json\/wp\/v2\/pages\/3998\/revisions\/3999"}],"up":[{"embeddable":true,"href":"https:\/\/www.polplastic.it\/fr\/wp-json\/wp\/v2\/pages\/3993"}],"wp:attachment":[{"href":"https:\/\/www.polplastic.it\/fr\/wp-json\/wp\/v2\/media?parent=3998"}],"wp:term":[{"taxonomy":"yst_prominent_words","embeddable":true,"href":"https:\/\/www.polplastic.it\/fr\/wp-json\/wp\/v2\/yst_prominent_words?post=3998"}],"curies":[{"name":"wp","href":"https:\/\/api.w.org\/{rel}","templated":true}]}}