{"id":4000,"date":"2022-01-24T15:28:41","date_gmt":"2022-01-24T14:28:41","guid":{"rendered":"https:\/\/www.polplastic.it\/?page_id=4000"},"modified":"2022-11-02T17:22:33","modified_gmt":"2022-11-02T16:22:33","slug":"peinture-et-vernissage","status":"publish","type":"page","link":"https:\/\/www.polplastic.it\/fr\/services\/peinture-et-vernissage\/","title":{"rendered":"Peinture et vernissage"},"content":{"rendered":"<p>La <strong>peinture de mati\u00e8res plastiques<\/strong> se trouve aussi parmi les activit\u00e9s principales de Polplastic. A cette fin-l\u00e0, nous nous servons de dispositifs compl\u00e8tement automatiques utilis\u00e9s tant pour la peinture \u00e0 l\u2019eau que pour le rev\u00eatement de vernis comprenant de solvants. Nous garantissons la <strong>minimisation de la consommation des peintures, r\u00e9duction des \u00e9missions de C.O.V et la meilleure qualit\u00e9 de chaque \u00e9l\u00e9ment couvert de la peinture.<\/strong> Nous devons tout cela aux machines, aux robots anthropomorphiques 6 axes et aux syst\u00e8mes automatis\u00e9s de r\u00e9glage de param\u00e8tres du processus qui s\u2019activent \u00e0\u00a0 chaque fois que les param\u00e8tres environnementaux et les conditions climatiques changent<\/p>\n","protected":false},"excerpt":{"rendered":"<p>La peinture de mati\u00e8res plastiques se trouve aussi parmi les activit\u00e9s principales de Polplastic. A cette fin-l\u00e0, nous nous servons de dispositifs compl\u00e8tement automatiques utilis\u00e9s tant pour la peinture \u00e0 l\u2019eau que pour le rev\u00eatement de vernis comprenant de solvants. Nous garantissons la minimisation de la consommation des peintures, r\u00e9duction des \u00e9missions de C.O.V et [&hellip;]<\/p>\n","protected":false},"author":1,"featured_media":0,"parent":3993,"menu_order":0,"comment_status":"closed","ping_status":"closed","template":"finiture.php","meta":{"inline_featured_image":false,"footnotes":""},"yst_prominent_words":[],"acf":[],"_links":{"self":[{"href":"https:\/\/www.polplastic.it\/fr\/wp-json\/wp\/v2\/pages\/4000"}],"collection":[{"href":"https:\/\/www.polplastic.it\/fr\/wp-json\/wp\/v2\/pages"}],"about":[{"href":"https:\/\/www.polplastic.it\/fr\/wp-json\/wp\/v2\/types\/page"}],"author":[{"embeddable":true,"href":"https:\/\/www.polplastic.it\/fr\/wp-json\/wp\/v2\/users\/1"}],"replies":[{"embeddable":true,"href":"https:\/\/www.polplastic.it\/fr\/wp-json\/wp\/v2\/comments?post=4000"}],"version-history":[{"count":1,"href":"https:\/\/www.polplastic.it\/fr\/wp-json\/wp\/v2\/pages\/4000\/revisions"}],"predecessor-version":[{"id":4001,"href":"https:\/\/www.polplastic.it\/fr\/wp-json\/wp\/v2\/pages\/4000\/revisions\/4001"}],"up":[{"embeddable":true,"href":"https:\/\/www.polplastic.it\/fr\/wp-json\/wp\/v2\/pages\/3993"}],"wp:attachment":[{"href":"https:\/\/www.polplastic.it\/fr\/wp-json\/wp\/v2\/media?parent=4000"}],"wp:term":[{"taxonomy":"yst_prominent_words","embeddable":true,"href":"https:\/\/www.polplastic.it\/fr\/wp-json\/wp\/v2\/yst_prominent_words?post=4000"}],"curies":[{"name":"wp","href":"https:\/\/api.w.org\/{rel}","templated":true}]}}