{"id":4002,"date":"2022-01-19T12:42:12","date_gmt":"2022-01-19T11:42:12","guid":{"rendered":"https:\/\/www.polplastic.it\/?page_id=4002"},"modified":"2022-11-02T17:19:44","modified_gmt":"2022-11-02T16:19:44","slug":"finitions-speciales","status":"publish","type":"page","link":"https:\/\/www.polplastic.it\/fr\/services\/finitions-speciales\/","title":{"rendered":"Finitions sp\u00e9ciales"},"content":{"rendered":"<p>Nous proposons \u00e0 nos clients des <strong>finitions haut de gamme<\/strong> qui rendront tout produit soumis au processus de moulage visuellement parfait. En mettant \u00e0 votre disposition toutes nos connaissances et savoir-faire, nous satisfaisons \u00e0 toutes vos exigences en mettant en oeuvre des techniques de finition les plus avanc\u00e9es, \u00e0 savoir d\u00e9coration dans le moule (in-mould), impression thermique, tampographie, d\u00e9calcomanie.<\/p>\n","protected":false},"excerpt":{"rendered":"<p>Nous proposons \u00e0 nos clients des finitions haut de gamme qui rendront tout produit soumis au processus de moulage visuellement parfait. En mettant \u00e0 votre disposition toutes nos connaissances et savoir-faire, nous satisfaisons \u00e0 toutes vos exigences en mettant en oeuvre des techniques de finition les plus avanc\u00e9es, \u00e0 savoir d\u00e9coration dans le moule (in-mould), [&hellip;]<\/p>\n","protected":false},"author":1,"featured_media":0,"parent":3993,"menu_order":0,"comment_status":"closed","ping_status":"closed","template":"finiture.php","meta":{"inline_featured_image":false,"footnotes":""},"yst_prominent_words":[],"acf":[],"_links":{"self":[{"href":"https:\/\/www.polplastic.it\/fr\/wp-json\/wp\/v2\/pages\/4002"}],"collection":[{"href":"https:\/\/www.polplastic.it\/fr\/wp-json\/wp\/v2\/pages"}],"about":[{"href":"https:\/\/www.polplastic.it\/fr\/wp-json\/wp\/v2\/types\/page"}],"author":[{"embeddable":true,"href":"https:\/\/www.polplastic.it\/fr\/wp-json\/wp\/v2\/users\/1"}],"replies":[{"embeddable":true,"href":"https:\/\/www.polplastic.it\/fr\/wp-json\/wp\/v2\/comments?post=4002"}],"version-history":[{"count":1,"href":"https:\/\/www.polplastic.it\/fr\/wp-json\/wp\/v2\/pages\/4002\/revisions"}],"predecessor-version":[{"id":4003,"href":"https:\/\/www.polplastic.it\/fr\/wp-json\/wp\/v2\/pages\/4002\/revisions\/4003"}],"up":[{"embeddable":true,"href":"https:\/\/www.polplastic.it\/fr\/wp-json\/wp\/v2\/pages\/3993"}],"wp:attachment":[{"href":"https:\/\/www.polplastic.it\/fr\/wp-json\/wp\/v2\/media?parent=4002"}],"wp:term":[{"taxonomy":"yst_prominent_words","embeddable":true,"href":"https:\/\/www.polplastic.it\/fr\/wp-json\/wp\/v2\/yst_prominent_words?post=4002"}],"curies":[{"name":"wp","href":"https:\/\/api.w.org\/{rel}","templated":true}]}}