{"id":4019,"date":"2022-01-24T15:30:31","date_gmt":"2022-01-24T14:30:31","guid":{"rendered":"https:\/\/www.polplastic.it\/?page_id=4019"},"modified":"2022-11-02T17:23:11","modified_gmt":"2022-11-02T16:23:11","slug":"services-et-logistique","status":"publish","type":"page","link":"https:\/\/www.polplastic.it\/fr\/services\/services-et-logistique\/","title":{"rendered":"Services et logistique"},"content":{"rendered":"<p><strong>Nos services logistiques <\/strong>automatis\u00e9s s\u2019ajoutent \u00e0 la conception et au traitement des plastiques. Les mat\u00e9riaux sont transport\u00e9s au magasin par un syst\u00e8me de convoyeurs <strong>automatiques<\/strong> command\u00e9 \u00e0 100% par radiofr\u00e9quence, tant \u00e0 l\u2019\u00e9tape de pr\u00e9l\u00e8vement que de livraison des mat\u00e9riaux.<\/p>\n","protected":false},"excerpt":{"rendered":"<p>Nos services logistiques automatis\u00e9s s\u2019ajoutent \u00e0 la conception et au traitement des plastiques. Les mat\u00e9riaux sont transport\u00e9s au magasin par un syst\u00e8me de convoyeurs automatiques command\u00e9 \u00e0 100% par radiofr\u00e9quence, tant \u00e0 l\u2019\u00e9tape de pr\u00e9l\u00e8vement que de livraison des mat\u00e9riaux.<\/p>\n","protected":false},"author":1,"featured_media":0,"parent":3993,"menu_order":0,"comment_status":"closed","ping_status":"closed","template":"finiture.php","meta":{"inline_featured_image":false,"footnotes":""},"yst_prominent_words":[],"acf":[],"_links":{"self":[{"href":"https:\/\/www.polplastic.it\/fr\/wp-json\/wp\/v2\/pages\/4019"}],"collection":[{"href":"https:\/\/www.polplastic.it\/fr\/wp-json\/wp\/v2\/pages"}],"about":[{"href":"https:\/\/www.polplastic.it\/fr\/wp-json\/wp\/v2\/types\/page"}],"author":[{"embeddable":true,"href":"https:\/\/www.polplastic.it\/fr\/wp-json\/wp\/v2\/users\/1"}],"replies":[{"embeddable":true,"href":"https:\/\/www.polplastic.it\/fr\/wp-json\/wp\/v2\/comments?post=4019"}],"version-history":[{"count":3,"href":"https:\/\/www.polplastic.it\/fr\/wp-json\/wp\/v2\/pages\/4019\/revisions"}],"predecessor-version":[{"id":4155,"href":"https:\/\/www.polplastic.it\/fr\/wp-json\/wp\/v2\/pages\/4019\/revisions\/4155"}],"up":[{"embeddable":true,"href":"https:\/\/www.polplastic.it\/fr\/wp-json\/wp\/v2\/pages\/3993"}],"wp:attachment":[{"href":"https:\/\/www.polplastic.it\/fr\/wp-json\/wp\/v2\/media?parent=4019"}],"wp:term":[{"taxonomy":"yst_prominent_words","embeddable":true,"href":"https:\/\/www.polplastic.it\/fr\/wp-json\/wp\/v2\/yst_prominent_words?post=4019"}],"curies":[{"name":"wp","href":"https:\/\/api.w.org\/{rel}","templated":true}]}}