{"id":4026,"date":"2022-01-19T16:35:00","date_gmt":"2022-01-19T15:35:00","guid":{"rendered":"https:\/\/www.polplastic.it\/?page_id=4026"},"modified":"2022-11-02T16:31:10","modified_gmt":"2022-11-02T15:31:10","slug":"automotive","status":"publish","type":"page","link":"https:\/\/www.polplastic.it\/fr\/secteurs\/automotive\/","title":{"rendered":"Automotive"},"content":{"rendered":"<p>La <strong>production de moules par injection pour le secteur automobile <\/strong>reste au centre de nos activit\u00e9s. D\u00e8s le d\u00e9but nos liens avec cet industrie \u00e9taient forts et ils restent toujours forts: <strong>nous d\u00e9veloppons des moules pour la production des composants pour les plus grands groupes automobiles <\/strong>italiens et internationaux, nous nous sp\u00e9cialisons en conception et fabrication de pi\u00e8ces et d\u2019accessoires en plastique inject\u00e9s et d\u00e9cor\u00e9s tels que r\u00e9servoirs \u00e0 carburant, casques ou d\u00e9flecteurs pour des fabricants de motos renomm\u00e9s. Outre les pi\u00e8ces d\u00e9coratives, nous fabriquons aussi des produits typiquement techniques comme leviers, filtres, accessoires d\u2019alimentation, couverles pour r\u00e9servoirs \u00e0 carburant, panneaux de porte.<\/p>\n","protected":false},"excerpt":{"rendered":"<p>La production de moules par injection pour le secteur automobile reste au centre de nos activit\u00e9s. D\u00e8s le d\u00e9but nos liens avec cet industrie \u00e9taient forts et ils restent toujours forts: nous d\u00e9veloppons des moules pour la production des composants pour les plus grands groupes automobiles italiens et internationaux, nous nous sp\u00e9cialisons en conception et [&hellip;]<\/p>\n","protected":false},"author":1,"featured_media":0,"parent":4071,"menu_order":0,"comment_status":"closed","ping_status":"closed","template":"page-automotive.php","meta":{"inline_featured_image":false,"footnotes":""},"yst_prominent_words":[],"acf":[],"_links":{"self":[{"href":"https:\/\/www.polplastic.it\/fr\/wp-json\/wp\/v2\/pages\/4026"}],"collection":[{"href":"https:\/\/www.polplastic.it\/fr\/wp-json\/wp\/v2\/pages"}],"about":[{"href":"https:\/\/www.polplastic.it\/fr\/wp-json\/wp\/v2\/types\/page"}],"author":[{"embeddable":true,"href":"https:\/\/www.polplastic.it\/fr\/wp-json\/wp\/v2\/users\/1"}],"replies":[{"embeddable":true,"href":"https:\/\/www.polplastic.it\/fr\/wp-json\/wp\/v2\/comments?post=4026"}],"version-history":[{"count":1,"href":"https:\/\/www.polplastic.it\/fr\/wp-json\/wp\/v2\/pages\/4026\/revisions"}],"predecessor-version":[{"id":4027,"href":"https:\/\/www.polplastic.it\/fr\/wp-json\/wp\/v2\/pages\/4026\/revisions\/4027"}],"up":[{"embeddable":true,"href":"https:\/\/www.polplastic.it\/fr\/wp-json\/wp\/v2\/pages\/4071"}],"wp:attachment":[{"href":"https:\/\/www.polplastic.it\/fr\/wp-json\/wp\/v2\/media?parent=4026"}],"wp:term":[{"taxonomy":"yst_prominent_words","embeddable":true,"href":"https:\/\/www.polplastic.it\/fr\/wp-json\/wp\/v2\/yst_prominent_words?post=4026"}],"curies":[{"name":"wp","href":"https:\/\/api.w.org\/{rel}","templated":true}]}}