{"id":4028,"date":"2022-01-25T12:09:41","date_gmt":"2022-01-25T11:09:41","guid":{"rendered":"https:\/\/www.polplastic.it\/?page_id=4028"},"modified":"2022-11-02T16:30:09","modified_gmt":"2022-11-02T15:30:09","slug":"agroalimentaire","status":"publish","type":"page","link":"https:\/\/www.polplastic.it\/fr\/secteurs\/agroalimentaire\/","title":{"rendered":"Agroalimentaire"},"content":{"rendered":"<p><strong>Nous d\u00e9veloppons et fabriquons des bo\u00eetiers et des m\u00e9chanismes pour les secteurs agroalimentaire et <\/strong>vending. Nous produisons des composants en plastique pour les cafeti\u00e8res, distributeurs automatiques et caisses.<\/p>\n","protected":false},"excerpt":{"rendered":"<p>Nous d\u00e9veloppons et fabriquons des bo\u00eetiers et des m\u00e9chanismes pour les secteurs agroalimentaire et vending. Nous produisons des composants en plastique pour les cafeti\u00e8res, distributeurs automatiques et caisses.<\/p>\n","protected":false},"author":1,"featured_media":0,"parent":4071,"menu_order":0,"comment_status":"closed","ping_status":"closed","template":"page-automotive.php","meta":{"inline_featured_image":false,"footnotes":""},"yst_prominent_words":[],"acf":[],"_links":{"self":[{"href":"https:\/\/www.polplastic.it\/fr\/wp-json\/wp\/v2\/pages\/4028"}],"collection":[{"href":"https:\/\/www.polplastic.it\/fr\/wp-json\/wp\/v2\/pages"}],"about":[{"href":"https:\/\/www.polplastic.it\/fr\/wp-json\/wp\/v2\/types\/page"}],"author":[{"embeddable":true,"href":"https:\/\/www.polplastic.it\/fr\/wp-json\/wp\/v2\/users\/1"}],"replies":[{"embeddable":true,"href":"https:\/\/www.polplastic.it\/fr\/wp-json\/wp\/v2\/comments?post=4028"}],"version-history":[{"count":1,"href":"https:\/\/www.polplastic.it\/fr\/wp-json\/wp\/v2\/pages\/4028\/revisions"}],"predecessor-version":[{"id":4029,"href":"https:\/\/www.polplastic.it\/fr\/wp-json\/wp\/v2\/pages\/4028\/revisions\/4029"}],"up":[{"embeddable":true,"href":"https:\/\/www.polplastic.it\/fr\/wp-json\/wp\/v2\/pages\/4071"}],"wp:attachment":[{"href":"https:\/\/www.polplastic.it\/fr\/wp-json\/wp\/v2\/media?parent=4028"}],"wp:term":[{"taxonomy":"yst_prominent_words","embeddable":true,"href":"https:\/\/www.polplastic.it\/fr\/wp-json\/wp\/v2\/yst_prominent_words?post=4028"}],"curies":[{"name":"wp","href":"https:\/\/api.w.org\/{rel}","templated":true}]}}