{"id":4033,"date":"2022-01-25T11:25:44","date_gmt":"2022-01-25T10:25:44","guid":{"rendered":"https:\/\/www.polplastic.it\/?page_id=4033"},"modified":"2022-11-02T16:32:53","modified_gmt":"2022-11-02T15:32:53","slug":"medical","status":"publish","type":"page","link":"https:\/\/www.polplastic.it\/fr\/secteurs\/medical\/","title":{"rendered":"M\u00e9dical"},"content":{"rendered":"<p>Gr\u00e2ce aux processus et mat\u00e9riaux haut de gamme nous d\u00e9veloppons et fabriquons une vaste gamme de <strong>produits et de composants en plastique pour le secteur m\u00e9dical<\/strong>: \u00e9quipements d\u2019h\u00f4pitaux, de physioth\u00e9rapie, accessoires pour fauteils roulants et dispositifs m\u00e9dicaux.<\/p>\n","protected":false},"excerpt":{"rendered":"<p>Gr\u00e2ce aux processus et mat\u00e9riaux haut de gamme nous d\u00e9veloppons et fabriquons une vaste gamme de produits et de composants en plastique pour le secteur m\u00e9dical: \u00e9quipements d\u2019h\u00f4pitaux, de physioth\u00e9rapie, accessoires pour fauteils roulants et dispositifs m\u00e9dicaux.<\/p>\n","protected":false},"author":1,"featured_media":0,"parent":4071,"menu_order":0,"comment_status":"closed","ping_status":"closed","template":"page-automotive.php","meta":{"inline_featured_image":false,"footnotes":""},"yst_prominent_words":[],"acf":[],"_links":{"self":[{"href":"https:\/\/www.polplastic.it\/fr\/wp-json\/wp\/v2\/pages\/4033"}],"collection":[{"href":"https:\/\/www.polplastic.it\/fr\/wp-json\/wp\/v2\/pages"}],"about":[{"href":"https:\/\/www.polplastic.it\/fr\/wp-json\/wp\/v2\/types\/page"}],"author":[{"embeddable":true,"href":"https:\/\/www.polplastic.it\/fr\/wp-json\/wp\/v2\/users\/1"}],"replies":[{"embeddable":true,"href":"https:\/\/www.polplastic.it\/fr\/wp-json\/wp\/v2\/comments?post=4033"}],"version-history":[{"count":1,"href":"https:\/\/www.polplastic.it\/fr\/wp-json\/wp\/v2\/pages\/4033\/revisions"}],"predecessor-version":[{"id":4034,"href":"https:\/\/www.polplastic.it\/fr\/wp-json\/wp\/v2\/pages\/4033\/revisions\/4034"}],"up":[{"embeddable":true,"href":"https:\/\/www.polplastic.it\/fr\/wp-json\/wp\/v2\/pages\/4071"}],"wp:attachment":[{"href":"https:\/\/www.polplastic.it\/fr\/wp-json\/wp\/v2\/media?parent=4033"}],"wp:term":[{"taxonomy":"yst_prominent_words","embeddable":true,"href":"https:\/\/www.polplastic.it\/fr\/wp-json\/wp\/v2\/yst_prominent_words?post=4033"}],"curies":[{"name":"wp","href":"https:\/\/api.w.org\/{rel}","templated":true}]}}