{"id":4035,"date":"2022-01-25T11:34:52","date_gmt":"2022-01-25T10:34:52","guid":{"rendered":"https:\/\/www.polplastic.it\/?page_id=4035"},"modified":"2022-11-02T16:31:55","modified_gmt":"2022-11-02T15:31:55","slug":"electronique","status":"publish","type":"page","link":"https:\/\/www.polplastic.it\/fr\/secteurs\/electronique\/","title":{"rendered":"Electronique"},"content":{"rendered":"<p>Nos comp\u00e9tences nous permettent de <strong>produire et de couvrir de vernis des dispositifs \u00e9lectrom\u00e9nagers et \u00e9lectronique de loisirs: <\/strong>d\u00e9codeurs, portables, aspirateurs, machines \u00e0 laver et d\u2019autres gros objets \u00e9lectrom\u00e9nagers aussi bien que d\u2019\u00e9lectronique industrielle tels que scanneurs et lecteurs de codes \u00e0 barres, t\u00e9l\u00e9commandes, syst\u00e8mes de r\u00e9frig\u00e9ration, compteurs \u00e9lectriques, interrupteurs \u00e0 usage domestique et industriel, panneaux de commande tactiles.<\/p>\n","protected":false},"excerpt":{"rendered":"<p>Nos comp\u00e9tences nous permettent de produire et de couvrir de vernis des dispositifs \u00e9lectrom\u00e9nagers et \u00e9lectronique de loisirs: d\u00e9codeurs, portables, aspirateurs, machines \u00e0 laver et d\u2019autres gros objets \u00e9lectrom\u00e9nagers aussi bien que d\u2019\u00e9lectronique industrielle tels que scanneurs et lecteurs de codes \u00e0 barres, t\u00e9l\u00e9commandes, syst\u00e8mes de r\u00e9frig\u00e9ration, compteurs \u00e9lectriques, interrupteurs \u00e0 usage domestique et industriel, [&hellip;]<\/p>\n","protected":false},"author":1,"featured_media":0,"parent":4071,"menu_order":0,"comment_status":"closed","ping_status":"closed","template":"page-automotive.php","meta":{"inline_featured_image":false,"footnotes":""},"yst_prominent_words":[],"acf":[],"_links":{"self":[{"href":"https:\/\/www.polplastic.it\/fr\/wp-json\/wp\/v2\/pages\/4035"}],"collection":[{"href":"https:\/\/www.polplastic.it\/fr\/wp-json\/wp\/v2\/pages"}],"about":[{"href":"https:\/\/www.polplastic.it\/fr\/wp-json\/wp\/v2\/types\/page"}],"author":[{"embeddable":true,"href":"https:\/\/www.polplastic.it\/fr\/wp-json\/wp\/v2\/users\/1"}],"replies":[{"embeddable":true,"href":"https:\/\/www.polplastic.it\/fr\/wp-json\/wp\/v2\/comments?post=4035"}],"version-history":[{"count":1,"href":"https:\/\/www.polplastic.it\/fr\/wp-json\/wp\/v2\/pages\/4035\/revisions"}],"predecessor-version":[{"id":4036,"href":"https:\/\/www.polplastic.it\/fr\/wp-json\/wp\/v2\/pages\/4035\/revisions\/4036"}],"up":[{"embeddable":true,"href":"https:\/\/www.polplastic.it\/fr\/wp-json\/wp\/v2\/pages\/4071"}],"wp:attachment":[{"href":"https:\/\/www.polplastic.it\/fr\/wp-json\/wp\/v2\/media?parent=4035"}],"wp:term":[{"taxonomy":"yst_prominent_words","embeddable":true,"href":"https:\/\/www.polplastic.it\/fr\/wp-json\/wp\/v2\/yst_prominent_words?post=4035"}],"curies":[{"name":"wp","href":"https:\/\/api.w.org\/{rel}","templated":true}]}}