{"id":4037,"date":"2022-01-25T11:39:24","date_gmt":"2022-01-25T10:39:24","guid":{"rendered":"https:\/\/www.polplastic.it\/?page_id=4037"},"modified":"2022-11-02T16:28:39","modified_gmt":"2022-11-02T15:28:39","slug":"agriculture-et-jardinage","status":"publish","type":"page","link":"https:\/\/www.polplastic.it\/fr\/secteurs\/agriculture-et-jardinage\/","title":{"rendered":"Agriculture et jardinage"},"content":{"rendered":"<p>Nous nous sp\u00e9cialisons en<strong> fabrication de moules pour plastiques destin\u00e9s \u00e0 la production en s\u00e9rie d\u2019articles de jardinage <\/strong>et d\u2019outillage pour l\u2019industrie agricole. La qualit\u00e9, l\u2019efficacit\u00e9 et la durabilit\u00e9 nous font distinguer et nous positionnent parmi les meilleurs fabricants en s\u00e9rie de mati\u00e8res plastiques pour de tiers.<\/p>\n","protected":false},"excerpt":{"rendered":"<p>Nous nous sp\u00e9cialisons en fabrication de moules pour plastiques destin\u00e9s \u00e0 la production en s\u00e9rie d\u2019articles de jardinage et d\u2019outillage pour l\u2019industrie agricole. La qualit\u00e9, l\u2019efficacit\u00e9 et la durabilit\u00e9 nous font distinguer et nous positionnent parmi les meilleurs fabricants en s\u00e9rie de mati\u00e8res plastiques pour de tiers.<\/p>\n","protected":false},"author":1,"featured_media":0,"parent":4071,"menu_order":0,"comment_status":"closed","ping_status":"closed","template":"page-automotive.php","meta":{"inline_featured_image":false,"footnotes":""},"yst_prominent_words":[],"acf":[],"_links":{"self":[{"href":"https:\/\/www.polplastic.it\/fr\/wp-json\/wp\/v2\/pages\/4037"}],"collection":[{"href":"https:\/\/www.polplastic.it\/fr\/wp-json\/wp\/v2\/pages"}],"about":[{"href":"https:\/\/www.polplastic.it\/fr\/wp-json\/wp\/v2\/types\/page"}],"author":[{"embeddable":true,"href":"https:\/\/www.polplastic.it\/fr\/wp-json\/wp\/v2\/users\/1"}],"replies":[{"embeddable":true,"href":"https:\/\/www.polplastic.it\/fr\/wp-json\/wp\/v2\/comments?post=4037"}],"version-history":[{"count":1,"href":"https:\/\/www.polplastic.it\/fr\/wp-json\/wp\/v2\/pages\/4037\/revisions"}],"predecessor-version":[{"id":4038,"href":"https:\/\/www.polplastic.it\/fr\/wp-json\/wp\/v2\/pages\/4037\/revisions\/4038"}],"up":[{"embeddable":true,"href":"https:\/\/www.polplastic.it\/fr\/wp-json\/wp\/v2\/pages\/4071"}],"wp:attachment":[{"href":"https:\/\/www.polplastic.it\/fr\/wp-json\/wp\/v2\/media?parent=4037"}],"wp:term":[{"taxonomy":"yst_prominent_words","embeddable":true,"href":"https:\/\/www.polplastic.it\/fr\/wp-json\/wp\/v2\/yst_prominent_words?post=4037"}],"curies":[{"name":"wp","href":"https:\/\/api.w.org\/{rel}","templated":true}]}}