{"id":4039,"date":"2022-01-24T15:29:55","date_gmt":"2022-01-24T14:29:55","guid":{"rendered":"https:\/\/www.polplastic.it\/?page_id=4039"},"modified":"2022-11-02T17:17:37","modified_gmt":"2022-11-02T16:17:37","slug":"assemblage-et-montage","status":"publish","type":"page","link":"https:\/\/www.polplastic.it\/fr\/services\/assemblage-et-montage\/","title":{"rendered":"Assemblage et montage"},"content":{"rendered":"<p>Nous fournissons \u00e0 nos clients des services de fabrication et de moulage aussi bien que de <strong>montage de tous les composants de produits<\/strong>. Pour des produits plus complexes, nous offrons la possibilit\u00e9 d\u2019assemblage et de livraison du produit fini pr\u00eat \u00e0 utiliser. Nos processus ont pour but de r\u00e9duire les d\u00e9lais de livraison et d\u2019optimiser au maximum le cycle production-livraison sans pr\u00e9judice de la qualit\u00e9 et de l\u2019efficience.<\/p>\n","protected":false},"excerpt":{"rendered":"<p>Nous fournissons \u00e0 nos clients des services de fabrication et de moulage aussi bien que de montage de tous les composants de produits. Pour des produits plus complexes, nous offrons la possibilit\u00e9 d\u2019assemblage et de livraison du produit fini pr\u00eat \u00e0 utiliser. Nos processus ont pour but de r\u00e9duire les d\u00e9lais de livraison et d\u2019optimiser [&hellip;]<\/p>\n","protected":false},"author":1,"featured_media":0,"parent":3993,"menu_order":0,"comment_status":"closed","ping_status":"closed","template":"finiture.php","meta":{"inline_featured_image":false,"footnotes":""},"yst_prominent_words":[],"acf":[],"_links":{"self":[{"href":"https:\/\/www.polplastic.it\/fr\/wp-json\/wp\/v2\/pages\/4039"}],"collection":[{"href":"https:\/\/www.polplastic.it\/fr\/wp-json\/wp\/v2\/pages"}],"about":[{"href":"https:\/\/www.polplastic.it\/fr\/wp-json\/wp\/v2\/types\/page"}],"author":[{"embeddable":true,"href":"https:\/\/www.polplastic.it\/fr\/wp-json\/wp\/v2\/users\/1"}],"replies":[{"embeddable":true,"href":"https:\/\/www.polplastic.it\/fr\/wp-json\/wp\/v2\/comments?post=4039"}],"version-history":[{"count":2,"href":"https:\/\/www.polplastic.it\/fr\/wp-json\/wp\/v2\/pages\/4039\/revisions"}],"predecessor-version":[{"id":4083,"href":"https:\/\/www.polplastic.it\/fr\/wp-json\/wp\/v2\/pages\/4039\/revisions\/4083"}],"up":[{"embeddable":true,"href":"https:\/\/www.polplastic.it\/fr\/wp-json\/wp\/v2\/pages\/3993"}],"wp:attachment":[{"href":"https:\/\/www.polplastic.it\/fr\/wp-json\/wp\/v2\/media?parent=4039"}],"wp:term":[{"taxonomy":"yst_prominent_words","embeddable":true,"href":"https:\/\/www.polplastic.it\/fr\/wp-json\/wp\/v2\/yst_prominent_words?post=4039"}],"curies":[{"name":"wp","href":"https:\/\/api.w.org\/{rel}","templated":true}]}}