{"id":4071,"date":"2022-01-19T15:51:21","date_gmt":"2022-01-19T14:51:21","guid":{"rendered":"https:\/\/www.polplastic.it\/sectors\/"},"modified":"2022-11-02T16:27:55","modified_gmt":"2022-11-02T15:27:55","slug":"secteurs","status":"publish","type":"page","link":"https:\/\/www.polplastic.it\/fr\/secteurs\/","title":{"rendered":"Secteurs"},"content":{"rendered":"<p>L\u2019excellence de nos services, haute qualit\u00e9 de mati\u00e8res premi\u00e8res, service complet \u2013 voici ce qui nous fait distinguer parmi nos concurrents. Cette approche nous permet de fournir les services de conception et de d\u00e9veloppement de mat\u00e9riaux thermoplastiques aux repr\u00e9sentants de secteurs diff\u00e9rents tels qu\u2019automobile, agroalimentaire, m\u00e9dical, d\u2019\u00e9lectronique grand public et agricole. La n\u00e9cessit\u00e9 de r\u00e9pondre aux besoins des secteurs si diversifi\u00e9s a rendu nos processus de production de moules extr\u00eamement flexibles et personnalisables. Une approche sur mesure, orient\u00e9e vers l\u2019innovation continue et le d\u00e9veloppement de nouveaux produits et solutions reste notre signe distinctif.<\/p>\n","protected":false},"excerpt":{"rendered":"<p>L\u2019excellence de nos services, haute qualit\u00e9 de mati\u00e8res premi\u00e8res, service complet \u2013 voici ce qui nous fait distinguer parmi nos concurrents. Cette approche nous permet de fournir les services de conception et de d\u00e9veloppement de mat\u00e9riaux thermoplastiques aux repr\u00e9sentants de secteurs diff\u00e9rents tels qu\u2019automobile, agroalimentaire, m\u00e9dical, d\u2019\u00e9lectronique grand public et agricole. La n\u00e9cessit\u00e9 de r\u00e9pondre [&hellip;]<\/p>\n","protected":false},"author":1,"featured_media":0,"parent":0,"menu_order":0,"comment_status":"closed","ping_status":"closed","template":"page-settori.php","meta":{"inline_featured_image":false,"footnotes":""},"yst_prominent_words":[],"acf":[],"_links":{"self":[{"href":"https:\/\/www.polplastic.it\/fr\/wp-json\/wp\/v2\/pages\/4071"}],"collection":[{"href":"https:\/\/www.polplastic.it\/fr\/wp-json\/wp\/v2\/pages"}],"about":[{"href":"https:\/\/www.polplastic.it\/fr\/wp-json\/wp\/v2\/types\/page"}],"author":[{"embeddable":true,"href":"https:\/\/www.polplastic.it\/fr\/wp-json\/wp\/v2\/users\/1"}],"replies":[{"embeddable":true,"href":"https:\/\/www.polplastic.it\/fr\/wp-json\/wp\/v2\/comments?post=4071"}],"version-history":[{"count":2,"href":"https:\/\/www.polplastic.it\/fr\/wp-json\/wp\/v2\/pages\/4071\/revisions"}],"predecessor-version":[{"id":4074,"href":"https:\/\/www.polplastic.it\/fr\/wp-json\/wp\/v2\/pages\/4071\/revisions\/4074"}],"wp:attachment":[{"href":"https:\/\/www.polplastic.it\/fr\/wp-json\/wp\/v2\/media?parent=4071"}],"wp:term":[{"taxonomy":"yst_prominent_words","embeddable":true,"href":"https:\/\/www.polplastic.it\/fr\/wp-json\/wp\/v2\/yst_prominent_words?post=4071"}],"curies":[{"name":"wp","href":"https:\/\/api.w.org\/{rel}","templated":true}]}}