{"id":3901,"date":"2022-01-19T10:48:33","date_gmt":"2022-01-19T09:48:33","guid":{"rendered":"https:\/\/www.polplastic.it\/?page_id=3901"},"modified":"2022-11-02T15:34:17","modified_gmt":"2022-11-02T14:34:17","slug":"uslugi","status":"publish","type":"page","link":"https:\/\/www.polplastic.it\/pl\/uslugi\/","title":{"rendered":"Us\u0142ugi"},"content":{"rendered":"<p>Szybkie, kompleksowe i wysokiej jako\u015bci us\u0142ugi w\u00a0zakresie <strong>produkcji i formowania tworzyw sztucznych<\/strong>. Opieraj\u0105c si\u0119 na badaniu produktu, dostarczamy spersonalizowane, dostosowane do wymaga\u0144 klienta rozwi\u0105zania dla produkcji form do tworzyw sztucznych najwy\u017cszej jako\u015bci. Obr\u00f3bk\u0119 uzupe\u0142niamy o us\u0142ugi <strong>lakierowania i\u00a0wyka\u0144czania<\/strong>, niezb\u0119dne do uzyskania produktu nienagannego wizualnie: lakierowanie lakierem rozpuszczalnikowym, lakierowanie wodne, tampodruk, dekoracja in-mould, sitodruk.<\/p>\n","protected":false},"excerpt":{"rendered":"<p>Szybkie, kompleksowe i wysokiej jako\u015bci us\u0142ugi w\u00a0zakresie produkcji i formowania tworzyw sztucznych. Opieraj\u0105c si\u0119 na badaniu produktu, dostarczamy spersonalizowane, dostosowane do wymaga\u0144 klienta rozwi\u0105zania dla produkcji form do tworzyw sztucznych najwy\u017cszej jako\u015bci. Obr\u00f3bk\u0119 uzupe\u0142niamy o us\u0142ugi lakierowania i\u00a0wyka\u0144czania, niezb\u0119dne do uzyskania produktu nienagannego wizualnie: lakierowanie lakierem rozpuszczalnikowym, lakierowanie wodne, tampodruk, dekoracja in-mould, sitodruk.<\/p>\n","protected":false},"author":1,"featured_media":0,"parent":0,"menu_order":0,"comment_status":"closed","ping_status":"closed","template":"page-servizi.php","meta":{"inline_featured_image":false,"footnotes":""},"yst_prominent_words":[],"acf":[],"_links":{"self":[{"href":"https:\/\/www.polplastic.it\/pl\/wp-json\/wp\/v2\/pages\/3901"}],"collection":[{"href":"https:\/\/www.polplastic.it\/pl\/wp-json\/wp\/v2\/pages"}],"about":[{"href":"https:\/\/www.polplastic.it\/pl\/wp-json\/wp\/v2\/types\/page"}],"author":[{"embeddable":true,"href":"https:\/\/www.polplastic.it\/pl\/wp-json\/wp\/v2\/users\/1"}],"replies":[{"embeddable":true,"href":"https:\/\/www.polplastic.it\/pl\/wp-json\/wp\/v2\/comments?post=3901"}],"version-history":[{"count":2,"href":"https:\/\/www.polplastic.it\/pl\/wp-json\/wp\/v2\/pages\/3901\/revisions"}],"predecessor-version":[{"id":3925,"href":"https:\/\/www.polplastic.it\/pl\/wp-json\/wp\/v2\/pages\/3901\/revisions\/3925"}],"wp:attachment":[{"href":"https:\/\/www.polplastic.it\/pl\/wp-json\/wp\/v2\/media?parent=3901"}],"wp:term":[{"taxonomy":"yst_prominent_words","embeddable":true,"href":"https:\/\/www.polplastic.it\/pl\/wp-json\/wp\/v2\/yst_prominent_words?post=3901"}],"curies":[{"name":"wp","href":"https:\/\/api.w.org\/{rel}","templated":true}]}}