{"id":3904,"date":"2022-01-24T15:22:34","date_gmt":"2022-01-24T14:22:34","guid":{"rendered":"https:\/\/www.polplastic.it\/?page_id=3904"},"modified":"2022-11-02T15:54:55","modified_gmt":"2022-11-02T14:54:55","slug":"produkcja-form-do-tworzyw-sztucznych","status":"publish","type":"page","link":"https:\/\/www.polplastic.it\/pl\/uslugi\/produkcja-form-do-tworzyw-sztucznych\/","title":{"rendered":"Produkcja form do tworzyw sztucznych"},"content":{"rendered":"<p>Nasza us\u0142uga rozpoczyna si\u0119 od <strong>projektowania i produkcji spersonalizowanych form do tworzyw sztucznych<\/strong>.<br \/>\nDzi\u0119ki filozofii just in time, poszanowaniu termin\u00f3w oraz najwy\u017cszej elastyczno\u015bci operacyjnej, ugruntowali\u015bmy nasz\u0105 pozycj\u0119 na rynku r\u00f3wnie\u017c w zakresie <strong>masowej produkcji z\u00a0tworzyw sztucznych na rzecz podmiot\u00f3w trzecich<\/strong>.<\/p>\n","protected":false},"excerpt":{"rendered":"<p>Nasza us\u0142uga rozpoczyna si\u0119 od projektowania i produkcji spersonalizowanych form do tworzyw sztucznych. Dzi\u0119ki filozofii just in time, poszanowaniu termin\u00f3w oraz najwy\u017cszej elastyczno\u015bci operacyjnej, ugruntowali\u015bmy nasz\u0105 pozycj\u0119 na rynku r\u00f3wnie\u017c w zakresie masowej produkcji z\u00a0tworzyw sztucznych na rzecz podmiot\u00f3w trzecich.<\/p>\n","protected":false},"author":1,"featured_media":0,"parent":3901,"menu_order":0,"comment_status":"closed","ping_status":"closed","template":"finiture.php","meta":{"inline_featured_image":false,"footnotes":""},"yst_prominent_words":[],"acf":[],"_links":{"self":[{"href":"https:\/\/www.polplastic.it\/pl\/wp-json\/wp\/v2\/pages\/3904"}],"collection":[{"href":"https:\/\/www.polplastic.it\/pl\/wp-json\/wp\/v2\/pages"}],"about":[{"href":"https:\/\/www.polplastic.it\/pl\/wp-json\/wp\/v2\/types\/page"}],"author":[{"embeddable":true,"href":"https:\/\/www.polplastic.it\/pl\/wp-json\/wp\/v2\/users\/1"}],"replies":[{"embeddable":true,"href":"https:\/\/www.polplastic.it\/pl\/wp-json\/wp\/v2\/comments?post=3904"}],"version-history":[{"count":2,"href":"https:\/\/www.polplastic.it\/pl\/wp-json\/wp\/v2\/pages\/3904\/revisions"}],"predecessor-version":[{"id":3923,"href":"https:\/\/www.polplastic.it\/pl\/wp-json\/wp\/v2\/pages\/3904\/revisions\/3923"}],"up":[{"embeddable":true,"href":"https:\/\/www.polplastic.it\/pl\/wp-json\/wp\/v2\/pages\/3901"}],"wp:attachment":[{"href":"https:\/\/www.polplastic.it\/pl\/wp-json\/wp\/v2\/media?parent=3904"}],"wp:term":[{"taxonomy":"yst_prominent_words","embeddable":true,"href":"https:\/\/www.polplastic.it\/pl\/wp-json\/wp\/v2\/yst_prominent_words?post=3904"}],"curies":[{"name":"wp","href":"https:\/\/api.w.org\/{rel}","templated":true}]}}