{"id":3906,"date":"2022-01-24T15:26:49","date_gmt":"2022-01-24T14:26:49","guid":{"rendered":"https:\/\/www.polplastic.it\/?page_id=3906"},"modified":"2022-11-02T15:52:38","modified_gmt":"2022-11-02T14:52:38","slug":"formowanie-tworzyw-sztucznych","status":"publish","type":"page","link":"https:\/\/www.polplastic.it\/pl\/uslugi\/formowanie-tworzyw-sztucznych\/","title":{"rendered":"Formowanie tworzyw sztucznych"},"content":{"rendered":"<p>Oko\u0142o 7000m2 powierzchni jest przeznaczone na dzia\u0142alno\u015b\u0107 zwi\u0105zan\u0105 z formowaniem tworzyw sztucznych. B\u0119d\u0105c w posiadaniu du\u017cego parku maszyn, jeste\u015bmy dzisiaj jednym z najbardziej wp\u0142ywowych graczy w sektorze formowania tworzyw sztucznych w ca\u0142ej Wenecji Euganejskiej i nie tylko.<br \/>\nNowoczesny sprz\u0119t, taki jak prasy Negri Bossi oraz BMB od 70 do 2500 ton, wszystkie wyposa\u017cone w roboty kartezja\u0144skie i\u00a0antropomorficzne, pozwalaj\u0105 na wykonywanie bardzo skomplikowanych form w spos\u00f3b szybki i\u00a0precyzyjny.<\/p>\n","protected":false},"excerpt":{"rendered":"<p>Oko\u0142o 7000m2 powierzchni jest przeznaczone na dzia\u0142alno\u015b\u0107 zwi\u0105zan\u0105 z formowaniem tworzyw sztucznych. B\u0119d\u0105c w posiadaniu du\u017cego parku maszyn, jeste\u015bmy dzisiaj jednym z najbardziej wp\u0142ywowych graczy w sektorze formowania tworzyw sztucznych w ca\u0142ej Wenecji Euganejskiej i nie tylko. Nowoczesny sprz\u0119t, taki jak prasy Negri Bossi oraz BMB od 70 do 2500 ton, wszystkie wyposa\u017cone w roboty [&hellip;]<\/p>\n","protected":false},"author":1,"featured_media":0,"parent":3901,"menu_order":0,"comment_status":"closed","ping_status":"closed","template":"finiture.php","meta":{"inline_featured_image":false,"footnotes":""},"yst_prominent_words":[],"acf":[],"_links":{"self":[{"href":"https:\/\/www.polplastic.it\/pl\/wp-json\/wp\/v2\/pages\/3906"}],"collection":[{"href":"https:\/\/www.polplastic.it\/pl\/wp-json\/wp\/v2\/pages"}],"about":[{"href":"https:\/\/www.polplastic.it\/pl\/wp-json\/wp\/v2\/types\/page"}],"author":[{"embeddable":true,"href":"https:\/\/www.polplastic.it\/pl\/wp-json\/wp\/v2\/users\/1"}],"replies":[{"embeddable":true,"href":"https:\/\/www.polplastic.it\/pl\/wp-json\/wp\/v2\/comments?post=3906"}],"version-history":[{"count":2,"href":"https:\/\/www.polplastic.it\/pl\/wp-json\/wp\/v2\/pages\/3906\/revisions"}],"predecessor-version":[{"id":3921,"href":"https:\/\/www.polplastic.it\/pl\/wp-json\/wp\/v2\/pages\/3906\/revisions\/3921"}],"up":[{"embeddable":true,"href":"https:\/\/www.polplastic.it\/pl\/wp-json\/wp\/v2\/pages\/3901"}],"wp:attachment":[{"href":"https:\/\/www.polplastic.it\/pl\/wp-json\/wp\/v2\/media?parent=3906"}],"wp:term":[{"taxonomy":"yst_prominent_words","embeddable":true,"href":"https:\/\/www.polplastic.it\/pl\/wp-json\/wp\/v2\/yst_prominent_words?post=3906"}],"curies":[{"name":"wp","href":"https:\/\/api.w.org\/{rel}","templated":true}]}}