{"id":3907,"date":"2022-01-24T15:29:55","date_gmt":"2022-01-24T14:29:55","guid":{"rendered":"https:\/\/www.polplastic.it\/?page_id=3907"},"modified":"2022-11-02T15:55:44","modified_gmt":"2022-11-02T14:55:44","slug":"skladanie-i-montowanie","status":"publish","type":"page","link":"https:\/\/www.polplastic.it\/pl\/uslugi\/skladanie-i-montowanie\/","title":{"rendered":"Sk\u0142adanie i montowanie"},"content":{"rendered":"<p>Oferujemy kompleksowe us\u0142ugi produkcji i\u00a0formowania wraz z <strong>monta\u017cem wszystkich element\u00f3w sk\u0142adowych produktu<\/strong>. Przy produktach bardziej skomplikowanych oferujemy us\u0142ug\u0119 monta\u017cu i dostarczenia produktu ko\u0144cowego gotowego do u\u017cytku Nasze procesy s\u0105 pomy\u015blane tak, aby skr\u00f3ci\u0107 czas dostawy oraz maksymalnie zoptymalizowa\u0107 \u0142a\u0144cuch od produkcji do dostawy, nie obni\u017caj\u0105c przy tym jako\u015bci i efektywno\u015bci.<\/p>\n","protected":false},"excerpt":{"rendered":"<p>Oferujemy kompleksowe us\u0142ugi produkcji i\u00a0formowania wraz z monta\u017cem wszystkich element\u00f3w sk\u0142adowych produktu. Przy produktach bardziej skomplikowanych oferujemy us\u0142ug\u0119 monta\u017cu i dostarczenia produktu ko\u0144cowego gotowego do u\u017cytku Nasze procesy s\u0105 pomy\u015blane tak, aby skr\u00f3ci\u0107 czas dostawy oraz maksymalnie zoptymalizowa\u0107 \u0142a\u0144cuch od produkcji do dostawy, nie obni\u017caj\u0105c przy tym jako\u015bci i efektywno\u015bci.<\/p>\n","protected":false},"author":1,"featured_media":0,"parent":3901,"menu_order":0,"comment_status":"closed","ping_status":"closed","template":"finiture.php","meta":{"inline_featured_image":false,"footnotes":""},"yst_prominent_words":[],"acf":[],"_links":{"self":[{"href":"https:\/\/www.polplastic.it\/pl\/wp-json\/wp\/v2\/pages\/3907"}],"collection":[{"href":"https:\/\/www.polplastic.it\/pl\/wp-json\/wp\/v2\/pages"}],"about":[{"href":"https:\/\/www.polplastic.it\/pl\/wp-json\/wp\/v2\/types\/page"}],"author":[{"embeddable":true,"href":"https:\/\/www.polplastic.it\/pl\/wp-json\/wp\/v2\/users\/1"}],"replies":[{"embeddable":true,"href":"https:\/\/www.polplastic.it\/pl\/wp-json\/wp\/v2\/comments?post=3907"}],"version-history":[{"count":2,"href":"https:\/\/www.polplastic.it\/pl\/wp-json\/wp\/v2\/pages\/3907\/revisions"}],"predecessor-version":[{"id":3924,"href":"https:\/\/www.polplastic.it\/pl\/wp-json\/wp\/v2\/pages\/3907\/revisions\/3924"}],"up":[{"embeddable":true,"href":"https:\/\/www.polplastic.it\/pl\/wp-json\/wp\/v2\/pages\/3901"}],"wp:attachment":[{"href":"https:\/\/www.polplastic.it\/pl\/wp-json\/wp\/v2\/media?parent=3907"}],"wp:term":[{"taxonomy":"yst_prominent_words","embeddable":true,"href":"https:\/\/www.polplastic.it\/pl\/wp-json\/wp\/v2\/yst_prominent_words?post=3907"}],"curies":[{"name":"wp","href":"https:\/\/api.w.org\/{rel}","templated":true}]}}