{"id":3908,"date":"2022-01-19T12:42:12","date_gmt":"2022-01-19T11:42:12","guid":{"rendered":"https:\/\/www.polplastic.it\/?page_id=3908"},"modified":"2022-11-02T16:01:02","modified_gmt":"2022-11-02T15:01:02","slug":"wykonczenia-specjalne","status":"publish","type":"page","link":"https:\/\/www.polplastic.it\/pl\/uslugi\/wykonczenia-specjalne\/","title":{"rendered":"Wyko\u0144czenia specjalne"},"content":{"rendered":"<p>Oferujemy <strong>wyko\u0144czenia wysokogatunkowe<\/strong>, kt\u00f3re sprawi\u0105, \u017ce ka\u017cdy produkt po procesie formowania b\u0119dzie idealny wizualnie. Oddajemy do dyspozycji nasz\u0105 wiedz\u0105 i umiej\u0119tno\u015bci, aby spe\u0142ni\u0107 wszelkie oczekiwania klienta, stosuj\u0105c najbardziej zaawansowane techniki wyko\u0144czeniowe: dekoracja in-mould, termodruk, tampondruk, naniesienie naklejek i kalkomanii.<\/p>\n","protected":false},"excerpt":{"rendered":"<p>Oferujemy wyko\u0144czenia wysokogatunkowe, kt\u00f3re sprawi\u0105, \u017ce ka\u017cdy produkt po procesie formowania b\u0119dzie idealny wizualnie. Oddajemy do dyspozycji nasz\u0105 wiedz\u0105 i umiej\u0119tno\u015bci, aby spe\u0142ni\u0107 wszelkie oczekiwania klienta, stosuj\u0105c najbardziej zaawansowane techniki wyko\u0144czeniowe: dekoracja in-mould, termodruk, tampondruk, naniesienie naklejek i kalkomanii.<\/p>\n","protected":false},"author":1,"featured_media":0,"parent":3901,"menu_order":0,"comment_status":"closed","ping_status":"closed","template":"finiture.php","meta":{"inline_featured_image":false,"footnotes":""},"yst_prominent_words":[],"acf":[],"_links":{"self":[{"href":"https:\/\/www.polplastic.it\/pl\/wp-json\/wp\/v2\/pages\/3908"}],"collection":[{"href":"https:\/\/www.polplastic.it\/pl\/wp-json\/wp\/v2\/pages"}],"about":[{"href":"https:\/\/www.polplastic.it\/pl\/wp-json\/wp\/v2\/types\/page"}],"author":[{"embeddable":true,"href":"https:\/\/www.polplastic.it\/pl\/wp-json\/wp\/v2\/users\/1"}],"replies":[{"embeddable":true,"href":"https:\/\/www.polplastic.it\/pl\/wp-json\/wp\/v2\/comments?post=3908"}],"version-history":[{"count":4,"href":"https:\/\/www.polplastic.it\/pl\/wp-json\/wp\/v2\/pages\/3908\/revisions"}],"predecessor-version":[{"id":3920,"href":"https:\/\/www.polplastic.it\/pl\/wp-json\/wp\/v2\/pages\/3908\/revisions\/3920"}],"up":[{"embeddable":true,"href":"https:\/\/www.polplastic.it\/pl\/wp-json\/wp\/v2\/pages\/3901"}],"wp:attachment":[{"href":"https:\/\/www.polplastic.it\/pl\/wp-json\/wp\/v2\/media?parent=3908"}],"wp:term":[{"taxonomy":"yst_prominent_words","embeddable":true,"href":"https:\/\/www.polplastic.it\/pl\/wp-json\/wp\/v2\/yst_prominent_words?post=3908"}],"curies":[{"name":"wp","href":"https:\/\/api.w.org\/{rel}","templated":true}]}}