{"id":3911,"date":"2022-01-24T15:28:41","date_gmt":"2022-01-24T14:28:41","guid":{"rendered":"https:\/\/www.polplastic.it\/?page_id=3911"},"modified":"2022-11-02T15:53:51","modified_gmt":"2022-11-02T14:53:51","slug":"lakierowanie","status":"publish","type":"page","link":"https:\/\/www.polplastic.it\/pl\/uslugi\/lakierowanie\/","title":{"rendered":"Lakierowanie"},"content":{"rendered":"<p><strong>Lakierowanie tworzyw sztucznych<\/strong> to r\u00f3wnie\u017c jedna z g\u0142\u00f3wnych dzia\u0142alno\u015bci Polplastic. U\u017cywamy ca\u0142kowicie zautomatyzowanych urz\u0105dze\u0144 do lakierowania, kt\u00f3re s\u0105 odpowiednie do stosowania przy r\u00f3\u017cnych technikach lakierowania: wod\u0105 i lakierami rozpuszczalnikowymi. Gwarantujemy <strong>minimalne zu\u017cycie lakieru, redukcj\u0119 emisji LZO oraz najwy\u017csz\u0105 jako\u015b\u0107 ka\u017cdego lakierowanego elementu<\/strong>. Wszystko to mo\u017cliwe jest dzi\u0119ki maszynom z antropomorficznymi robotami sze\u015bcioosiowymi oraz automatycznym systemom regulacji parametr\u00f3w procesu, kt\u00f3re uaktywniaj\u0105 si\u0119 ka\u017cdorazowo przy zmianie parametr\u00f3w \u015brodowiskowych i warunk\u00f3w pogodowych.<\/p>\n","protected":false},"excerpt":{"rendered":"<p>Lakierowanie tworzyw sztucznych to r\u00f3wnie\u017c jedna z g\u0142\u00f3wnych dzia\u0142alno\u015bci Polplastic. U\u017cywamy ca\u0142kowicie zautomatyzowanych urz\u0105dze\u0144 do lakierowania, kt\u00f3re s\u0105 odpowiednie do stosowania przy r\u00f3\u017cnych technikach lakierowania: wod\u0105 i lakierami rozpuszczalnikowymi. Gwarantujemy minimalne zu\u017cycie lakieru, redukcj\u0119 emisji LZO oraz najwy\u017csz\u0105 jako\u015b\u0107 ka\u017cdego lakierowanego elementu. Wszystko to mo\u017cliwe jest dzi\u0119ki maszynom z antropomorficznymi robotami sze\u015bcioosiowymi oraz automatycznym systemom [&hellip;]<\/p>\n","protected":false},"author":1,"featured_media":0,"parent":3901,"menu_order":0,"comment_status":"closed","ping_status":"closed","template":"finiture.php","meta":{"inline_featured_image":false,"footnotes":""},"yst_prominent_words":[],"acf":[],"_links":{"self":[{"href":"https:\/\/www.polplastic.it\/pl\/wp-json\/wp\/v2\/pages\/3911"}],"collection":[{"href":"https:\/\/www.polplastic.it\/pl\/wp-json\/wp\/v2\/pages"}],"about":[{"href":"https:\/\/www.polplastic.it\/pl\/wp-json\/wp\/v2\/types\/page"}],"author":[{"embeddable":true,"href":"https:\/\/www.polplastic.it\/pl\/wp-json\/wp\/v2\/users\/1"}],"replies":[{"embeddable":true,"href":"https:\/\/www.polplastic.it\/pl\/wp-json\/wp\/v2\/comments?post=3911"}],"version-history":[{"count":3,"href":"https:\/\/www.polplastic.it\/pl\/wp-json\/wp\/v2\/pages\/3911\/revisions"}],"predecessor-version":[{"id":3922,"href":"https:\/\/www.polplastic.it\/pl\/wp-json\/wp\/v2\/pages\/3911\/revisions\/3922"}],"up":[{"embeddable":true,"href":"https:\/\/www.polplastic.it\/pl\/wp-json\/wp\/v2\/pages\/3901"}],"wp:attachment":[{"href":"https:\/\/www.polplastic.it\/pl\/wp-json\/wp\/v2\/media?parent=3911"}],"wp:term":[{"taxonomy":"yst_prominent_words","embeddable":true,"href":"https:\/\/www.polplastic.it\/pl\/wp-json\/wp\/v2\/yst_prominent_words?post=3911"}],"curies":[{"name":"wp","href":"https:\/\/api.w.org\/{rel}","templated":true}]}}