{"id":3933,"date":"2022-01-19T15:51:21","date_gmt":"2022-01-19T14:51:21","guid":{"rendered":"https:\/\/www.polplastic.it\/?page_id=3933"},"modified":"2022-11-02T12:17:56","modified_gmt":"2022-11-02T11:17:56","slug":"branze","status":"publish","type":"page","link":"https:\/\/www.polplastic.it\/pl\/branze\/","title":{"rendered":"Bran\u017ce"},"content":{"rendered":"<p>Na rynku zawsze wyr\u00f3\u017cnia\u0142a nas doskona\u0142o\u015b\u0107 us\u0142ug, materia\u0142y najwy\u017cszej jako\u015bci oraz kompleksowa obs\u0142uga. Takie podej\u015bcie pozwala nam oferowa\u0107 us\u0142ugi <strong>projektowania i produkcji form oraz formowania materia\u0142\u00f3w termoplastycznych dla licznych bran\u017c<\/strong>: motoryzacyjnej, spo\u017cywczej, medycznej, elektroniki u\u017cytkowej i rolnictwa. Potrzeba sprostania wymaganiom tak r\u00f3\u017cnych bran\u017c sprawi\u0142a, \u017ce nasze procesy <strong>produkcji form s\u0105 bardzo elastyczne i mo\u017cliwe do personalizacji<\/strong>. Zindywidualizowane podej\u015bcie, kt\u00f3re opiera si\u0119 na ci\u0105g\u0142ej innowacji oraz opracowywaniu nowych produkt\u00f3w i rozwi\u0105za\u0144.<\/p>\n","protected":false},"excerpt":{"rendered":"<p>Na rynku zawsze wyr\u00f3\u017cnia\u0142a nas doskona\u0142o\u015b\u0107 us\u0142ug, materia\u0142y najwy\u017cszej jako\u015bci oraz kompleksowa obs\u0142uga. Takie podej\u015bcie pozwala nam oferowa\u0107 us\u0142ugi projektowania i produkcji form oraz formowania materia\u0142\u00f3w termoplastycznych dla licznych bran\u017c: motoryzacyjnej, spo\u017cywczej, medycznej, elektroniki u\u017cytkowej i rolnictwa. Potrzeba sprostania wymaganiom tak r\u00f3\u017cnych bran\u017c sprawi\u0142a, \u017ce nasze procesy produkcji form s\u0105 bardzo elastyczne i mo\u017cliwe do [&hellip;]<\/p>\n","protected":false},"author":1,"featured_media":0,"parent":0,"menu_order":0,"comment_status":"closed","ping_status":"closed","template":"page-settori.php","meta":{"inline_featured_image":false,"footnotes":""},"yst_prominent_words":[],"acf":[],"_links":{"self":[{"href":"https:\/\/www.polplastic.it\/pl\/wp-json\/wp\/v2\/pages\/3933"}],"collection":[{"href":"https:\/\/www.polplastic.it\/pl\/wp-json\/wp\/v2\/pages"}],"about":[{"href":"https:\/\/www.polplastic.it\/pl\/wp-json\/wp\/v2\/types\/page"}],"author":[{"embeddable":true,"href":"https:\/\/www.polplastic.it\/pl\/wp-json\/wp\/v2\/users\/1"}],"replies":[{"embeddable":true,"href":"https:\/\/www.polplastic.it\/pl\/wp-json\/wp\/v2\/comments?post=3933"}],"version-history":[{"count":3,"href":"https:\/\/www.polplastic.it\/pl\/wp-json\/wp\/v2\/pages\/3933\/revisions"}],"predecessor-version":[{"id":4154,"href":"https:\/\/www.polplastic.it\/pl\/wp-json\/wp\/v2\/pages\/3933\/revisions\/4154"}],"wp:attachment":[{"href":"https:\/\/www.polplastic.it\/pl\/wp-json\/wp\/v2\/media?parent=3933"}],"wp:term":[{"taxonomy":"yst_prominent_words","embeddable":true,"href":"https:\/\/www.polplastic.it\/pl\/wp-json\/wp\/v2\/yst_prominent_words?post=3933"}],"curies":[{"name":"wp","href":"https:\/\/api.w.org\/{rel}","templated":true}]}}