{"id":3934,"date":"2022-01-25T11:39:24","date_gmt":"2022-01-25T10:39:24","guid":{"rendered":"https:\/\/www.polplastic.it\/?page_id=3934"},"modified":"2022-11-02T12:29:52","modified_gmt":"2022-11-02T11:29:52","slug":"rolnictwo-i-ogrodnictwo","status":"publish","type":"page","link":"https:\/\/www.polplastic.it\/pl\/branze\/rolnictwo-i-ogrodnictwo\/","title":{"rendered":"Rolnictwo i ogrodnictwo"},"content":{"rendered":"<p>Specjalizujemy si\u0119 w <strong>wykonywaniu form do tworzyw sztucznych do masowej produkcji artyku\u0142\u00f3w ogrodniczych<\/strong> i przemys\u0142owych narz\u0119dzi rolniczych. Jako\u015b\u0107, wydajno\u015b\u0107 i\u00a0zr\u00f3wnowa\u017cona produkcja to cechy, kt\u00f3re nas wyr\u00f3\u017cniaj\u0105 i stawiaj\u0105 w gronie najlepszych firm produkcji masowej z tworzywa sztucznego na rzecz innych podmiot\u00f3w<\/p>\n","protected":false},"excerpt":{"rendered":"<p>Specjalizujemy si\u0119 w wykonywaniu form do tworzyw sztucznych do masowej produkcji artyku\u0142\u00f3w ogrodniczych i przemys\u0142owych narz\u0119dzi rolniczych. Jako\u015b\u0107, wydajno\u015b\u0107 i\u00a0zr\u00f3wnowa\u017cona produkcja to cechy, kt\u00f3re nas wyr\u00f3\u017cniaj\u0105 i stawiaj\u0105 w gronie najlepszych firm produkcji masowej z tworzywa sztucznego na rzecz innych podmiot\u00f3w<\/p>\n","protected":false},"author":1,"featured_media":0,"parent":3933,"menu_order":0,"comment_status":"closed","ping_status":"closed","template":"page-automotive.php","meta":{"inline_featured_image":false,"footnotes":""},"yst_prominent_words":[],"acf":[],"_links":{"self":[{"href":"https:\/\/www.polplastic.it\/pl\/wp-json\/wp\/v2\/pages\/3934"}],"collection":[{"href":"https:\/\/www.polplastic.it\/pl\/wp-json\/wp\/v2\/pages"}],"about":[{"href":"https:\/\/www.polplastic.it\/pl\/wp-json\/wp\/v2\/types\/page"}],"author":[{"embeddable":true,"href":"https:\/\/www.polplastic.it\/pl\/wp-json\/wp\/v2\/users\/1"}],"replies":[{"embeddable":true,"href":"https:\/\/www.polplastic.it\/pl\/wp-json\/wp\/v2\/comments?post=3934"}],"version-history":[{"count":4,"href":"https:\/\/www.polplastic.it\/pl\/wp-json\/wp\/v2\/pages\/3934\/revisions"}],"predecessor-version":[{"id":3958,"href":"https:\/\/www.polplastic.it\/pl\/wp-json\/wp\/v2\/pages\/3934\/revisions\/3958"}],"up":[{"embeddable":true,"href":"https:\/\/www.polplastic.it\/pl\/wp-json\/wp\/v2\/pages\/3933"}],"wp:attachment":[{"href":"https:\/\/www.polplastic.it\/pl\/wp-json\/wp\/v2\/media?parent=3934"}],"wp:term":[{"taxonomy":"yst_prominent_words","embeddable":true,"href":"https:\/\/www.polplastic.it\/pl\/wp-json\/wp\/v2\/yst_prominent_words?post=3934"}],"curies":[{"name":"wp","href":"https:\/\/api.w.org\/{rel}","templated":true}]}}