{"id":3935,"date":"2022-01-19T16:35:00","date_gmt":"2022-01-19T15:35:00","guid":{"rendered":"https:\/\/www.polplastic.it\/?page_id=3935"},"modified":"2022-11-02T12:28:50","modified_gmt":"2022-11-02T11:28:50","slug":"motoryzacja","status":"publish","type":"page","link":"https:\/\/www.polplastic.it\/pl\/branze\/motoryzacja\/","title":{"rendered":"Motoryzacja"},"content":{"rendered":"<p><strong>Produkcja form wtryskowych do tworzyw sztucznych dla bran\u017cy motoryzacyjnej<\/strong> to zdecydowanie nasza g\u0142\u00f3wna dzia\u0142alno\u015b\u0107. Od zawsze mieli\u015bmy silne zwi\u0105zki ze \u015bwiatem motoryzacji: <strong>wykonujemy formy do produkcji podzespo\u0142\u00f3w dla najwi\u0119kszych producent\u00f3w samochod\u00f3w<\/strong>, w\u0142oskich i zagranicznych, zajmujemy si\u0119 projektowaniem i\u00a0produkcj\u0105 cz\u0119\u015bci i akcesori\u00f3w z tworzyw sztucznych wyciskanych i dekorowanych, takich jak zbiorniki paliwa, kaski, owiewki dla renomowanych producent\u00f3w motocykli. Opr\u00f3cz cz\u0119\u015bci ozdobnych produkujemy r\u00f3wnie\u017c artyku\u0142y techniczne, takie jak: d\u017awignie, filtry, akcesoria do zasilania, systemy pokryw zbiornik\u00f3w paliwa, panele drzwiowe.<\/p>\n","protected":false},"excerpt":{"rendered":"<p>Produkcja form wtryskowych do tworzyw sztucznych dla bran\u017cy motoryzacyjnej to zdecydowanie nasza g\u0142\u00f3wna dzia\u0142alno\u015b\u0107. Od zawsze mieli\u015bmy silne zwi\u0105zki ze \u015bwiatem motoryzacji: wykonujemy formy do produkcji podzespo\u0142\u00f3w dla najwi\u0119kszych producent\u00f3w samochod\u00f3w, w\u0142oskich i zagranicznych, zajmujemy si\u0119 projektowaniem i\u00a0produkcj\u0105 cz\u0119\u015bci i akcesori\u00f3w z tworzyw sztucznych wyciskanych i dekorowanych, takich jak zbiorniki paliwa, kaski, owiewki dla renomowanych [&hellip;]<\/p>\n","protected":false},"author":1,"featured_media":0,"parent":3933,"menu_order":0,"comment_status":"closed","ping_status":"closed","template":"page-automotive.php","meta":{"inline_featured_image":false,"footnotes":""},"yst_prominent_words":[],"acf":[],"_links":{"self":[{"href":"https:\/\/www.polplastic.it\/pl\/wp-json\/wp\/v2\/pages\/3935"}],"collection":[{"href":"https:\/\/www.polplastic.it\/pl\/wp-json\/wp\/v2\/pages"}],"about":[{"href":"https:\/\/www.polplastic.it\/pl\/wp-json\/wp\/v2\/types\/page"}],"author":[{"embeddable":true,"href":"https:\/\/www.polplastic.it\/pl\/wp-json\/wp\/v2\/users\/1"}],"replies":[{"embeddable":true,"href":"https:\/\/www.polplastic.it\/pl\/wp-json\/wp\/v2\/comments?post=3935"}],"version-history":[{"count":3,"href":"https:\/\/www.polplastic.it\/pl\/wp-json\/wp\/v2\/pages\/3935\/revisions"}],"predecessor-version":[{"id":3947,"href":"https:\/\/www.polplastic.it\/pl\/wp-json\/wp\/v2\/pages\/3935\/revisions\/3947"}],"up":[{"embeddable":true,"href":"https:\/\/www.polplastic.it\/pl\/wp-json\/wp\/v2\/pages\/3933"}],"wp:attachment":[{"href":"https:\/\/www.polplastic.it\/pl\/wp-json\/wp\/v2\/media?parent=3935"}],"wp:term":[{"taxonomy":"yst_prominent_words","embeddable":true,"href":"https:\/\/www.polplastic.it\/pl\/wp-json\/wp\/v2\/yst_prominent_words?post=3935"}],"curies":[{"name":"wp","href":"https:\/\/api.w.org\/{rel}","templated":true}]}}