{"id":3936,"date":"2022-01-25T11:34:52","date_gmt":"2022-01-25T10:34:52","guid":{"rendered":"https:\/\/www.polplastic.it\/?page_id=3936"},"modified":"2022-11-02T12:19:00","modified_gmt":"2022-11-02T11:19:00","slug":"elektronika","status":"publish","type":"page","link":"https:\/\/www.polplastic.it\/pl\/branze\/elektronika\/","title":{"rendered":"Elektronika"},"content":{"rendered":"<p>Wykorzystujemy nasze kompetencje przy <strong>wykonywaniu i lakierowaniu przedmiot\u00f3w elektronicznych dla domu i rozrywki, takich jak<\/strong>: dekodery, telefony kom\u00f3rkowe, odkurzacze, pralki i inne u\u017cytkowe urz\u0105dzenia elektroniczne, jak r\u00f3wnie\u017c elektroniki przemys\u0142owej, takiej jak: skanery i czytniki kod\u00f3w kreskowych, piloty, systemy ch\u0142odzenia, liczniki elektryczne, wy\u0142\u0105czniki do u\u017cytku prywatnego oraz przemys\u0142owe, pojemno\u015bciowe panele dotykowe.<\/p>\n","protected":false},"excerpt":{"rendered":"<p>Wykorzystujemy nasze kompetencje przy wykonywaniu i lakierowaniu przedmiot\u00f3w elektronicznych dla domu i rozrywki, takich jak: dekodery, telefony kom\u00f3rkowe, odkurzacze, pralki i inne u\u017cytkowe urz\u0105dzenia elektroniczne, jak r\u00f3wnie\u017c elektroniki przemys\u0142owej, takiej jak: skanery i czytniki kod\u00f3w kreskowych, piloty, systemy ch\u0142odzenia, liczniki elektryczne, wy\u0142\u0105czniki do u\u017cytku prywatnego oraz przemys\u0142owe, pojemno\u015bciowe panele dotykowe.<\/p>\n","protected":false},"author":1,"featured_media":0,"parent":3933,"menu_order":0,"comment_status":"closed","ping_status":"closed","template":"page-automotive.php","meta":{"inline_featured_image":false,"footnotes":""},"yst_prominent_words":[],"acf":[],"_links":{"self":[{"href":"https:\/\/www.polplastic.it\/pl\/wp-json\/wp\/v2\/pages\/3936"}],"collection":[{"href":"https:\/\/www.polplastic.it\/pl\/wp-json\/wp\/v2\/pages"}],"about":[{"href":"https:\/\/www.polplastic.it\/pl\/wp-json\/wp\/v2\/types\/page"}],"author":[{"embeddable":true,"href":"https:\/\/www.polplastic.it\/pl\/wp-json\/wp\/v2\/users\/1"}],"replies":[{"embeddable":true,"href":"https:\/\/www.polplastic.it\/pl\/wp-json\/wp\/v2\/comments?post=3936"}],"version-history":[{"count":3,"href":"https:\/\/www.polplastic.it\/pl\/wp-json\/wp\/v2\/pages\/3936\/revisions"}],"predecessor-version":[{"id":3956,"href":"https:\/\/www.polplastic.it\/pl\/wp-json\/wp\/v2\/pages\/3936\/revisions\/3956"}],"up":[{"embeddable":true,"href":"https:\/\/www.polplastic.it\/pl\/wp-json\/wp\/v2\/pages\/3933"}],"wp:attachment":[{"href":"https:\/\/www.polplastic.it\/pl\/wp-json\/wp\/v2\/media?parent=3936"}],"wp:term":[{"taxonomy":"yst_prominent_words","embeddable":true,"href":"https:\/\/www.polplastic.it\/pl\/wp-json\/wp\/v2\/yst_prominent_words?post=3936"}],"curies":[{"name":"wp","href":"https:\/\/api.w.org\/{rel}","templated":true}]}}