{"id":3937,"date":"2022-01-25T12:09:41","date_gmt":"2022-01-25T11:09:41","guid":{"rendered":"https:\/\/www.polplastic.it\/?page_id=3937"},"modified":"2022-11-02T12:32:57","modified_gmt":"2022-11-02T11:32:57","slug":"zywnosc","status":"publish","type":"page","link":"https:\/\/www.polplastic.it\/pl\/branze\/zywnosc\/","title":{"rendered":"\u017bywno\u015b\u0107"},"content":{"rendered":"<p><strong>Wykonujemy i produkujemy korpusy zewn\u0119trzne oraz mechanizmy dla bran\u017cy<\/strong> food i vending. Produkujemy plastikowe podzespo\u0142y do automat\u00f3w do kawy, dystrybutor\u00f3w, kas.<\/p>\n","protected":false},"excerpt":{"rendered":"<p>Wykonujemy i produkujemy korpusy zewn\u0119trzne oraz mechanizmy dla bran\u017cy food i vending. Produkujemy plastikowe podzespo\u0142y do automat\u00f3w do kawy, dystrybutor\u00f3w, kas.<\/p>\n","protected":false},"author":1,"featured_media":0,"parent":3933,"menu_order":0,"comment_status":"closed","ping_status":"closed","template":"page-automotive.php","meta":{"inline_featured_image":false,"footnotes":""},"yst_prominent_words":[],"acf":[],"_links":{"self":[{"href":"https:\/\/www.polplastic.it\/pl\/wp-json\/wp\/v2\/pages\/3937"}],"collection":[{"href":"https:\/\/www.polplastic.it\/pl\/wp-json\/wp\/v2\/pages"}],"about":[{"href":"https:\/\/www.polplastic.it\/pl\/wp-json\/wp\/v2\/types\/page"}],"author":[{"embeddable":true,"href":"https:\/\/www.polplastic.it\/pl\/wp-json\/wp\/v2\/users\/1"}],"replies":[{"embeddable":true,"href":"https:\/\/www.polplastic.it\/pl\/wp-json\/wp\/v2\/comments?post=3937"}],"version-history":[{"count":3,"href":"https:\/\/www.polplastic.it\/pl\/wp-json\/wp\/v2\/pages\/3937\/revisions"}],"predecessor-version":[{"id":3952,"href":"https:\/\/www.polplastic.it\/pl\/wp-json\/wp\/v2\/pages\/3937\/revisions\/3952"}],"up":[{"embeddable":true,"href":"https:\/\/www.polplastic.it\/pl\/wp-json\/wp\/v2\/pages\/3933"}],"wp:attachment":[{"href":"https:\/\/www.polplastic.it\/pl\/wp-json\/wp\/v2\/media?parent=3937"}],"wp:term":[{"taxonomy":"yst_prominent_words","embeddable":true,"href":"https:\/\/www.polplastic.it\/pl\/wp-json\/wp\/v2\/yst_prominent_words?post=3937"}],"curies":[{"name":"wp","href":"https:\/\/api.w.org\/{rel}","templated":true}]}}