{"id":3966,"date":"2022-01-24T15:43:11","date_gmt":"2022-01-24T14:43:11","guid":{"rendered":"https:\/\/www.polplastic.it\/?page_id=3966"},"modified":"2024-09-16T14:41:21","modified_gmt":"2024-09-16T12:41:21","slug":"certyfikaty","status":"publish","type":"page","link":"https:\/\/www.polplastic.it\/pl\/certyfikaty\/","title":{"rendered":"Certyfikaty"},"content":{"rendered":"<p>Po przej\u015bciu weryfikacji oraz stwierdzeniu spe\u0142nienia wymaga\u0144 podyktowanych normami przez system zarz\u0105dzania jako\u015bci\u0105 Polplastic, firmie ju\u017c dawno przyznano certyfikaty ISO 9002, ISO 9001 oraz IATF w\u00a0odniesieniu do formowania wtryskowego oraz lakierowania technopolimer\u00f3w przeznaczonych dla przemys\u0142u i\u00a0motoryzacji.<\/p>\n","protected":false},"excerpt":{"rendered":"<p>Po przej\u015bciu weryfikacji oraz stwierdzeniu spe\u0142nienia wymaga\u0144 podyktowanych normami przez system zarz\u0105dzania jako\u015bci\u0105 Polplastic, firmie ju\u017c dawno przyznano certyfikaty ISO 9002, ISO 9001 oraz IATF w\u00a0odniesieniu do formowania wtryskowego oraz lakierowania technopolimer\u00f3w przeznaczonych dla przemys\u0142u i\u00a0motoryzacji.<\/p>\n","protected":false},"author":1,"featured_media":0,"parent":0,"menu_order":0,"comment_status":"closed","ping_status":"closed","template":"page-certificazioni.php","meta":{"inline_featured_image":false,"footnotes":""},"yst_prominent_words":[],"acf":[],"_links":{"self":[{"href":"https:\/\/www.polplastic.it\/pl\/wp-json\/wp\/v2\/pages\/3966"}],"collection":[{"href":"https:\/\/www.polplastic.it\/pl\/wp-json\/wp\/v2\/pages"}],"about":[{"href":"https:\/\/www.polplastic.it\/pl\/wp-json\/wp\/v2\/types\/page"}],"author":[{"embeddable":true,"href":"https:\/\/www.polplastic.it\/pl\/wp-json\/wp\/v2\/users\/1"}],"replies":[{"embeddable":true,"href":"https:\/\/www.polplastic.it\/pl\/wp-json\/wp\/v2\/comments?post=3966"}],"version-history":[{"count":7,"href":"https:\/\/www.polplastic.it\/pl\/wp-json\/wp\/v2\/pages\/3966\/revisions"}],"predecessor-version":[{"id":4413,"href":"https:\/\/www.polplastic.it\/pl\/wp-json\/wp\/v2\/pages\/3966\/revisions\/4413"}],"wp:attachment":[{"href":"https:\/\/www.polplastic.it\/pl\/wp-json\/wp\/v2\/media?parent=3966"}],"wp:term":[{"taxonomy":"yst_prominent_words","embeddable":true,"href":"https:\/\/www.polplastic.it\/pl\/wp-json\/wp\/v2\/yst_prominent_words?post=3966"}],"curies":[{"name":"wp","href":"https:\/\/api.w.org\/{rel}","templated":true}]}}