{"id":3969,"date":"2022-03-30T15:08:24","date_gmt":"2022-03-30T13:08:24","guid":{"rendered":"https:\/\/www.polplastic.it\/?page_id=3969"},"modified":"2022-10-26T14:29:56","modified_gmt":"2022-10-26T12:29:56","slug":"cookie-policy","status":"publish","type":"page","link":"https:\/\/www.polplastic.it\/pl\/cookie-policy\/","title":{"rendered":"Cookie Policy"},"content":{"rendered":"<h4>Cookie Policy<\/h4>\n<p>Questo sito web utilizza i cookie. Utilizziamo i cookie per personalizzare contenuti ed annunci, per fornire funzionalit\u00e0 dei social media e per analizzare il nostro traffico. Condividiamo inoltre informazioni sul modo in cui utilizza il nostro sito con i nostri partner che si occupano di analisi dei dati web, pubblicit\u00e0 e social media, i quali potrebbero combinarle con altre informazioni che ha fornito loro o che hanno raccolto dal suo utilizzo dei loro servizi. Acconsenta ai nostri cookie se continua ad utilizzare il nostro sito web.<\/p>\n<p>I cookie sono piccoli file di testo che possono essere utilizzati dai siti web per rendere pi\u00f9 efficiente l\u2019esperienza per l\u2019utente.<\/p>\n<p>La legge afferma che possiamo memorizzare i cookie sul suo dispositivo se sono strettamente necessari per il funzionamento di questo sito. Per tutti gli altri tipi di cookie abbiamo bisogno del suo permesso.<\/p>\n<p>Questo sito utilizza diversi tipi di cookie. Alcuni cookie sono collocate da servizi di terzi che compaiono sulle nostre pagine.<\/p>\n<p>In qualsiasi momento \u00e8 possibile modificare o revocare il proprio consenso dalla Dichiarazione dei cookie sul nostro sito Web.<\/p>\n<p>Il suo consenso si applica al seguente sito web: www.polplastic.it<\/p>\n<p>POLPLASTIC S.P.A. tutela la privacy dei navigatori di questo sito secondo il GDPR UE 2016\/679. Chiediamo al navigatore del sito di leggere, prima di navigare il sito, questa pagina ed eventuali successive integrazioni, in merito alla tutela dei dati personali. Quanto qui dichiarato si riferisce al sito www.polplastic.it, per eventuali risorse esterne raggiungibili dal navigatore tramite link, si rinvia la competenza ai siti proposti all\u2019utente.<\/p>\n<p><strong>1. NAVIGAZIONE<\/strong><br \/>\nSul sito sono in uso software per la raccolta di analisi statistiche volte a farci capire come gli utenti utilizzino il sito, in modo da permetterci di migliorare l\u2019interazione sito-utente nei successivi aggiornamento del sito: vengono quindi raccolti dati per fini statistici, in forma aggregata e anonima. La navigazione \u201cpassiva\u201d prevede l\u2019utilizzo di Cookies (di sessione o permanenti), che l\u2019utente pu\u00f2 peraltro disabilitare dal proprio browser.<\/p>\n<p><strong>2. RACCOLTA INFORMAZIONI<\/strong><br \/>\nLa raccolta di informazioni riguarda la richiesta di informazioni, eventuale iscrizione alla newsletter aziendale.<\/p>\n<p><strong><em>Richiesta informazioni<\/em><\/strong><br \/>\nL\u2019email e i dati personali conferiti durante la richiesta di informazioni vengono utilizzate unicamente per agevolare il contatto tra l\u2019azienda e il navigatore, ovvero per rispondere alle sue richieste.<\/p>\n<p><strong>3. COOKIES<\/strong><br \/>\nIl nostro sito usa i cookies per aiutarci a capire come offrire ai visitatori una migliore esperienza di navigazione. Il cookie \u00e8 un piccolo file di testo contenente caratteri alfanumerici e che viene salvato nella memoria del browser, salvo il visitatore Non sia d\u2019accordo. I cookies contengono informazioni che vengono trasferite, ma NON si tratta di informazioni che ci permettono di identificare l\u2019utente, la sua privacy \u00e8 garantita!<br \/>\nUtilizziamo cookie analitici\/di performance che ci permettono di conteggiare il numero di visitatori e di notare come navigano il sito. I dati sono aggregati e resi anonimi, non individuali. Con questi cookies possiamo capire come migliorare il sito ovvero come aiutare i prossimi utenti a trovare ancora pi\u00f9 velocemente le informazioni che cercano.<\/p>\n<table width=\"100%\" cellspacing=\"0\" cellpadding=\"7\">\n<colgroup>\n<col width=\"141*\" \/>\n<col width=\"69*\" \/>\n<col width=\"46*\" \/><\/colgroup>\n<tbody>\n<tr valign=\"top\">\n<td width=\"55%\"><b>Finalit\u00e0 del trattamento<\/b><\/td>\n<td width=\"27%\"><b>Basi giuridiche dei trattamenti<\/b><\/td>\n<td width=\"18%\"><b>Periodo di conservazione dei dati<\/b><\/td>\n<\/tr>\n<tr valign=\"top\">\n<td width=\"55%\" height=\"182\"><b>Cookie tecnici di navigazione e funzionalit\u00e0<\/b><\/p>\n<p>Il sito utilizza cookie di prima parte, di sessione e persistenti per consentirLe una sicura ed efficiente navigazione e fruizione del sito nonch\u00e9 al fine di migliorare i servizi resi dal sito. Questi cookie riconoscendoLa ad un nuovo accesso al sito, evitano che Lei debba inserire i suoi dati ogni volta Infine, i cookies di funzionalit\u00e0 migliorano l\u2019esperienza di navigazione.<\/td>\n<td width=\"27%\">Esecuzione di un contratto di cui lei \u00e8 parte \u2013 navigazione e utilizzo sito internet<\/td>\n<td width=\"18%\">per tutta la durata della sessione di navigazione sul sito e persistente anche al termine di essa.<\/td>\n<\/tr>\n<tr valign=\"top\">\n<td width=\"55%\"><b>Cookie analitici<\/b><\/p>\n<p>Il sito utilizza Google Analytics per raccogliere informazioni sull\u2019utilizzo del sito. Le impostazioni di Google Analytics prevedono la condivisione dei dati con Google al fine di utilizzare i seguenti servizi:\u00a0<b>a)<\/b>\u00a0Benchmarking, ovvero la partecipazione alla raccolta di dati anonimi cha aiutano a comprendere meglio l\u2019andamento dei dati, Assistenza tecnica, per consentire a Google di fornire assistenza e\u00a0<b>c)<\/b>\u00a0Esperti dell\u2019account, al fine di consentire ad esperti marketing di Google di fornire suggerimenti per migliorare la configurazione e l\u2019analisi.<\/p>\n<p>Per maggiori dettagli e informazioni \u00e8 possibile visitare la pagina del fornitore al link di seguito https:\/\/support.google.com\/analytics\/answer\/1011397. Per impostazione predefinita, i cookie analitici utilizzano l\u2019intero indirizzo IP degli utenti del sito per fornire dati geografici di carattere generale nei rapporti. Un\u00a0<a href=\"https:\/\/tools.google.com\/dlpage\/gaoptout?hl=it\"><u>modulo complementare<\/u><\/a>\u00a0permette di\u00a0<b>disattivare Google Analytics<\/b><\/td>\n<td width=\"27%\">Interesse legittimo<\/td>\n<td width=\"18%\">per tutta la durata della sessione di navigazione sul sito e persistenti anche al termine di essa.<\/td>\n<\/tr>\n<tr valign=\"top\">\n<td width=\"55%\"><b>Cookie social<\/b><\/p>\n<p>All\u2019interno del sito sono utilizzati cookie di terze parti per permettere agli utenti di interagire con i social network (Facebook, Twitter, \u2026) ed in particolare di condividere contenuti del sito attraverso i suddetti social network<\/td>\n<td width=\"27%\">.<\/td>\n<td width=\"18%\"><\/td>\n<\/tr>\n<tr>\n<td colspan=\"3\" valign=\"top\" width=\"100%\">Decorsi i termini di conservazione sopra indicati, i Suoi dati personali saranno distrutti, cancellati o resi anonimi, compatibilmente con le procedure tecniche di cancellazione e backup.<\/td>\n<\/tr>\n<\/tbody>\n<\/table>\n<p>&nbsp;<\/p>\n<p><strong>Conferimento di dati<\/strong><br \/>\nAl momento dell\u2019accesso a qualunque pagina del Sito, \u00e8 presente un Banner che contiene un\u2019informativa breve. Chiudendo il Banner o proseguendo la navigazione del Sito, mediante l\u2019accesso ad altra area del Sito o la selezione di un elemento dello stesso (ad esempio, di un\u2019immagine o di un link), Lei fornisce il consenso all\u2019uso dei cookie. Il consenso all\u2019uso dei cookie \u00e8 registrato con un \u201ccookie tecnico\u201d.<\/p>\n<p><strong>4. APPLICAZIONI DI TERZI INTEGRATE NEL NOSTRO SITO<\/strong><br \/>\nPossiamo includere nel nostro sito applicazioni informatiche di terzi, che Vi consentono di condividere i contenuti del nostro sito web con altre persone o di far conoscere a queste altre persone la Vostra consultazione o la Vostra opinione in merito ai contenuti del nostro sito. Questo \u00e8 in particolare il caso di pulsanti come \u201cCondividi\u201d, \u201cmi piace\u201d, forniti dai social network come \u201cFacebook\u201d \u201cTwitter\u201d \u201cLinkedIn\u201d \u201cGoogle+\u201d, ecc..<\/p>\n<p>Il social network che presenti uno dei suddetti pulsanti potrebbe identificare l\u2019utente attraverso questo tasto, anche se questo non viene utilizzato quando visitate il nostro sito web.<\/p>\n<p>In effetti questo tipo di tasto pu\u00f2 consentire al social network in questione di seguire la Vostra navigazione sul nostro sito, semplicemente perch\u00e9 il Vostro account del social network in questione \u00e8 stato attivato sul Vostro terminale (sessione aperta) durante la Vostra visita al nostro sito.<\/p>\n<p>Non abbiamo alcun controllo sul processo utilizzato dal social network per raccogliere informazioni sulla Vostra navigazione sul nostro sito e collegate ai dati personali di cui dispongono. Vi invitiamo a consultare le privacy policy di questi social network per conoscerne lo scopo di utilizzo, compresa la pubblicit\u00e0, le informazioni di navigazione che possono raccogliere con questi pulsanti di applicazione. Tali policies dovrebbero in particolare consentirVi di esercitare le Vostre scelte presso tali social network, tramite le impostazioni dei Vostri account per l\u2019utilizzo di ciascuno di questi.<\/p>\n<p><strong>Come disabilitare i cookie di servizi di terzi<\/strong><br \/>\n\u2022\u00a0<a href=\"http:\/\/www.google.com\/ads\/preferences\/?hl=it\" target=\"_blank\" rel=\"noopener\">Servizi di Google<\/a><br \/>\n\u2022\u00a0<a href=\"https:\/\/www.facebook.com\/policies\/cookies\/\" target=\"_blank\" rel=\"noopener\">Facebook<\/a><br \/>\n\u2022\u00a0<a href=\"https:\/\/help.twitter.com\/it\/rules-and-policies\/twitter-cookies\" target=\"_blank\" rel=\"noopener\">Twitter<\/a><\/p>\n<p><strong>5. LE VOSTRE SCELTE RELATIVE AI COOKIES<\/strong><br \/>\nAvete a disposizione diverse opzioni per gestire i cookies. Tutti i parametri di possibile impostazione da parte Vostra potrebbero determinare modifiche alle Vostre modalit\u00e0 di navigazione Internet e alle Vostre condizioni di accesso ad alcuni servizi che richiedono l\u2019uso di cookies.<\/p>\n<p>Potete scegliere in qualsiasi momento di esprimere e modificare le Vostre scelte per quanto riguarda i cookies secondo le modalit\u00e0 descritte di seguito.<\/p>\n<p><em><strong>Scelte offerte dal Vostro browser<\/strong><\/em><br \/>\n\u00c8 possibile configurare il browser in modo tale che i cookies siano memorizzati sul dispositivo o, al contrario, vengano respinti, sia sistematicamente sia a seconda dell\u2019emittente. Si pu\u00f2 anche impostare il browser in modo tale che l\u2019accettazione o il rifiuto dei cookies Vi sia richiesta tempestivamente, prima che un cookie venga probabilmente memorizzato sul dispositivo. Per ulteriori informazioni, vedere \u201cCome esercitare la Vostra scelta, a seconda del browser che si utilizza?\u201d<\/p>\n<p><em><strong>\u2013 Il consenso ai cookies<\/strong><\/em><br \/>\nLa registrazione di un cookie in un dispositivo \u00e8 essenzialmente subordinata alla volont\u00e0 dell\u2019utente che pu\u00f2 essere espressa e modificata in qualsiasi momento e gratuitamente attraverso le opzioni che vengono offerte dal browser. Se avete accettato attraverso il Vostro browser la registrazione dei cookies nel Vostro terminale, i cookies integrati nelle pagine e nei contenuti che avete consultato potrebbero essere conservati temporaneamente in un\u2019area dedicata del Vostro dispositivo. Questi saranno leggibili soltanto dall\u2019emittente.<\/p>\n<p><em><strong>\u2013 Il rifiuto dei cookies<\/strong><\/em><br \/>\nSe rifiutate i cookies nel Vostro terminale, o rimuovete quelli che sono registrati, potresti non essere in grado di utilizzare tutte le nostre funzionalit\u00e0 interattive. Tale sar\u00e0 il caso qualora stiate tentando di accedere ai nostri contenuti o servizi che richiedono l\u2019identificazione. Lo stesso, nel caso in cui noi o i nostri fornitori non possiamo riconoscere, ai fini della compatibilit\u00e0 tecnica, il tipo di browser che utilizza il Vostro dispositivo, le impostazioni della lingua e del display o il paese da cui il terminale viene collegato a Internet. In tali casi, decliniamo ogni responsabilit\u00e0 per le conseguenze legate al cattivo funzionamento dei nostri servizi causato dall\u2019impossibilit\u00e0 per noi di registrare o leggere i cookies necessari per operare e che Voi abbiate rifiutato o cancellato.<\/p>\n<p><em><strong>\u2013 Come esercitare la Vostra scelta, a seconda del browser che si utilizza?<\/strong><\/em><br \/>\nPer la gestione dei cookies e delle Vostre scelte, la configurazione di ogni browser \u00e8 diverso. Essa \u00e8 descritta nel menu di aiuto del Vostro browser, che Vi permetter\u00e0 di conoscere il modo in cui cambiare le Vostre scelte riguardo i cookies.<\/p>\n<p>Internet Explorer\u2122:\u00a0<a class=\"__mPS2id\" href=\"http:\/\/windows.microsoft.com\/it-it\/internet-explorer\/delete-manage-cookies#ie=ie-11\" target=\"_blank\" rel=\"noopener\">http:\/\/windows.microsoft.com\/it-it\/internet-explorer\/delete-manage-cookies#ie=ie-11<\/a><br \/>\nSafari\u2122:\u00a0<a href=\"https:\/\/support.apple.com\/it-it\/HT201265\" target=\"_blank\" rel=\"noopener\">https:\/\/support.apple.com\/it-it\/HT201265<\/a><br \/>\nChrome\u2122:\u00a0<a href=\"https:\/\/support.google.com\/accounts\/answer\/61416?hl=it\" target=\"_blank\" rel=\"noopener\">https:\/\/support.google.com\/accounts\/answer\/61416?hl=it<\/a><br \/>\nFirefox\u2122:\u00a0<a href=\"http:\/\/support.mozilla.org\/it\/kb\/Attivare%20e%20disattivare%20i%20cookie\" target=\"_blank\" rel=\"noopener\">http:\/\/support.mozilla.org\/it\/kb\/Attivare%20e%20disattivare%20i%20cookie<\/a><br \/>\nOpera\u2122:\u00a0<a href=\"http:\/\/help.opera.com\/Windows\/10.20\/it\/cookies.html\" target=\"_blank\" rel=\"noopener\">http:\/\/help.opera.com\/Windows\/10.20\/it\/cookies.html<\/a><br \/>\necc.<br \/>\nQualora non intendiate acconsentire alla registrazione nel Vostro terminale di cookies (inclusi anche quelli per scopi pubblicitari), potrete configurare in tal senso lo stesso mediante l\u2019apposita funzionalit\u00e0 del browser.<\/p>\n","protected":false},"excerpt":{"rendered":"<p>Cookie Policy Questo sito web utilizza i cookie. Utilizziamo i cookie per personalizzare contenuti ed annunci, per fornire funzionalit\u00e0 dei social media e per analizzare il nostro traffico. Condividiamo inoltre informazioni sul modo in cui utilizza il nostro sito con i nostri partner che si occupano di analisi dei dati web, pubblicit\u00e0 e social media, [&hellip;]<\/p>\n","protected":false},"author":1,"featured_media":0,"parent":0,"menu_order":0,"comment_status":"closed","ping_status":"closed","template":"page-privacy-cookie.php","meta":{"inline_featured_image":false,"footnotes":""},"yst_prominent_words":[],"acf":[],"_links":{"self":[{"href":"https:\/\/www.polplastic.it\/pl\/wp-json\/wp\/v2\/pages\/3969"}],"collection":[{"href":"https:\/\/www.polplastic.it\/pl\/wp-json\/wp\/v2\/pages"}],"about":[{"href":"https:\/\/www.polplastic.it\/pl\/wp-json\/wp\/v2\/types\/page"}],"author":[{"embeddable":true,"href":"https:\/\/www.polplastic.it\/pl\/wp-json\/wp\/v2\/users\/1"}],"replies":[{"embeddable":true,"href":"https:\/\/www.polplastic.it\/pl\/wp-json\/wp\/v2\/comments?post=3969"}],"version-history":[{"count":1,"href":"https:\/\/www.polplastic.it\/pl\/wp-json\/wp\/v2\/pages\/3969\/revisions"}],"predecessor-version":[{"id":3970,"href":"https:\/\/www.polplastic.it\/pl\/wp-json\/wp\/v2\/pages\/3969\/revisions\/3970"}],"wp:attachment":[{"href":"https:\/\/www.polplastic.it\/pl\/wp-json\/wp\/v2\/media?parent=3969"}],"wp:term":[{"taxonomy":"yst_prominent_words","embeddable":true,"href":"https:\/\/www.polplastic.it\/pl\/wp-json\/wp\/v2\/yst_prominent_words?post=3969"}],"curies":[{"name":"wp","href":"https:\/\/api.w.org\/{rel}","templated":true}]}}